{"id":2973,"date":"2025-10-29T14:31:53","date_gmt":"2025-10-29T14:31:53","guid":{"rendered":"https:\/\/www.refonte.zaza-lili.com\/produit\/link-halsband\/"},"modified":"2026-02-07T16:38:44","modified_gmt":"2026-02-07T16:38:44","slug":"link-halsband","status":"publish","type":"product","link":"https:\/\/www.zaza-lili.com\/sv\/produkt\/link-halsband\/","title":{"rendered":"Link<br> Halsband"},"content":{"rendered":"<p>Detta halsband utstr\u00e5lar fr\u00e4schhet, renhet och elegans. Den rena och l\u00e4tta designen ger en mjuk k\u00e4nsla som passar b\u00e5de en minimalistisk stil och en mer sofistikerad look.<\/p>\n","protected":false},"excerpt":{"rendered":"<p>Detta halsband utstr\u00e5lar fr\u00e4schhet, renhet och elegans. Den rena och l\u00e4tta designen ger en mjuk k\u00e4nsla som passar b\u00e5de en minimalistisk stil och en mer sofistikerad look.<\/p>\n","protected":false},"featured_media":2972,"template":"","meta":[],"product_brand":[],"product_cat":[158,96,161],"product_tag":[],"class_list":{"0":"post-2973","1":"product","2":"type-product","3":"status-publish","4":"has-post-thumbnail","6":"product_cat-audacia","7":"product_cat-halsband","8":"product_cat-link","10":"first","11":"instock","12":"shipping-taxable","13":"purchasable","14":"product-type-variable","15":"has-default-attributes"},"aioseo_notices":[],"_links":{"self":[{"href":"https:\/\/www.zaza-lili.com\/sv\/wp-json\/wp\/v2\/product\/2973","targetHints":{"allow":["GET"]}}],"collection":[{"href":"https:\/\/www.zaza-lili.com\/sv\/wp-json\/wp\/v2\/product"}],"about":[{"href":"https:\/\/www.zaza-lili.com\/sv\/wp-json\/wp\/v2\/types\/product"}],"version-history":[{"count":0,"href":"https:\/\/www.zaza-lili.com\/sv\/wp-json\/wp\/v2\/product\/2973\/revisions"}],"wp:featuredmedia":[{"embeddable":true,"href":"https:\/\/www.zaza-lili.com\/sv\/wp-json\/wp\/v2\/media\/2972"}],"wp:attachment":[{"href":"https:\/\/www.zaza-lili.com\/sv\/wp-json\/wp\/v2\/media?parent=2973"}],"wp:term":[{"taxonomy":"product_brand","embeddable":true,"href":"https:\/\/www.zaza-lili.com\/sv\/wp-json\/wp\/v2\/product_brand?post=2973"},{"taxonomy":"product_cat","embeddable":true,"href":"https:\/\/www.zaza-lili.com\/sv\/wp-json\/wp\/v2\/product_cat?post=2973"},{"taxonomy":"product_tag","embeddable":true,"href":"https:\/\/www.zaza-lili.com\/sv\/wp-json\/wp\/v2\/product_tag?post=2973"}],"curies":[{"name":"wp","href":"https:\/\/api.w.org\/{rel}","templated":true}]}}