{"id":2951,"date":"2025-10-29T14:15:06","date_gmt":"2025-10-29T14:15:06","guid":{"rendered":"https:\/\/www.refonte.zaza-lili.com\/produit\/link-orhangen\/"},"modified":"2026-02-07T16:38:44","modified_gmt":"2026-02-07T16:38:44","slug":"link-orhangen","status":"publish","type":"product","link":"https:\/\/www.zaza-lili.com\/sv\/produkt\/link-orhangen\/","title":{"rendered":"Link<br> \u00d6rh\u00e4ngen"},"content":{"rendered":"<p>Dessa \u00f6rh\u00e4ngen speglar fr\u00e4schhet och renhet, med en minimalistisk och ljus design. De matchar perfekt med \u00f6vriga smycken i LINK-linjen f\u00f6r en elegant och harmonisk stil.<\/p>\n","protected":false},"excerpt":{"rendered":"<p>Dessa \u00f6rh\u00e4ngen speglar fr\u00e4schhet och renhet, med en minimalistisk och ljus design. De matchar perfekt med \u00f6vriga smycken i LINK-linjen f\u00f6r en elegant och harmonisk stil.<\/p>\n","protected":false},"featured_media":2950,"template":"","meta":[],"product_brand":[],"product_cat":[158,161,53],"product_tag":[],"class_list":{"0":"post-2951","1":"product","2":"type-product","3":"status-publish","4":"has-post-thumbnail","6":"product_cat-audacia","7":"product_cat-link","8":"product_cat-orhangen","10":"first","11":"instock","12":"shipping-taxable","13":"purchasable","14":"product-type-variable","15":"has-default-attributes"},"aioseo_notices":[],"_links":{"self":[{"href":"https:\/\/www.zaza-lili.com\/sv\/wp-json\/wp\/v2\/product\/2951","targetHints":{"allow":["GET"]}}],"collection":[{"href":"https:\/\/www.zaza-lili.com\/sv\/wp-json\/wp\/v2\/product"}],"about":[{"href":"https:\/\/www.zaza-lili.com\/sv\/wp-json\/wp\/v2\/types\/product"}],"version-history":[{"count":0,"href":"https:\/\/www.zaza-lili.com\/sv\/wp-json\/wp\/v2\/product\/2951\/revisions"}],"wp:featuredmedia":[{"embeddable":true,"href":"https:\/\/www.zaza-lili.com\/sv\/wp-json\/wp\/v2\/media\/2950"}],"wp:attachment":[{"href":"https:\/\/www.zaza-lili.com\/sv\/wp-json\/wp\/v2\/media?parent=2951"}],"wp:term":[{"taxonomy":"product_brand","embeddable":true,"href":"https:\/\/www.zaza-lili.com\/sv\/wp-json\/wp\/v2\/product_brand?post=2951"},{"taxonomy":"product_cat","embeddable":true,"href":"https:\/\/www.zaza-lili.com\/sv\/wp-json\/wp\/v2\/product_cat?post=2951"},{"taxonomy":"product_tag","embeddable":true,"href":"https:\/\/www.zaza-lili.com\/sv\/wp-json\/wp\/v2\/product_tag?post=2951"}],"curies":[{"name":"wp","href":"https:\/\/api.w.org\/{rel}","templated":true}]}}