{"id":2898,"date":"2025-10-29T12:15:53","date_gmt":"2025-10-29T12:15:53","guid":{"rendered":"https:\/\/www.refonte.zaza-lili.com\/produit\/link-across-ring\/"},"modified":"2026-02-07T16:38:44","modified_gmt":"2026-02-07T16:38:44","slug":"link-across-ring","status":"publish","type":"product","link":"https:\/\/www.zaza-lili.com\/sv\/produkt\/link-across-ring\/","title":{"rendered":"Link Across<br> Ring"},"content":{"rendered":"<p>Denna \u00f6ppna och justerbara ring speglar fr\u00e4schhet och renhet, med en minimalistisk och raffinerad design. Den matchar perfekt med \u00f6vriga smycken i LINK-linjen f\u00f6r en harmonisk och elegant stil.<\/p>\n","protected":false},"excerpt":{"rendered":"<p>Denna \u00f6ppna och justerbara ring speglar fr\u00e4schhet och renhet, med en minimalistisk och raffinerad design. Den matchar perfekt med \u00f6vriga smycken i LINK-linjen f\u00f6r en harmonisk och elegant stil.<\/p>\n","protected":false},"featured_media":2897,"template":"","meta":[],"product_brand":[],"product_cat":[158,161,102],"product_tag":[],"class_list":{"0":"post-2898","1":"product","2":"type-product","3":"status-publish","4":"has-post-thumbnail","6":"product_cat-audacia","7":"product_cat-link","8":"product_cat-ringar","10":"first","11":"instock","12":"shipping-taxable","13":"purchasable","14":"product-type-variable","15":"has-default-attributes"},"aioseo_notices":[],"_links":{"self":[{"href":"https:\/\/www.zaza-lili.com\/sv\/wp-json\/wp\/v2\/product\/2898","targetHints":{"allow":["GET"]}}],"collection":[{"href":"https:\/\/www.zaza-lili.com\/sv\/wp-json\/wp\/v2\/product"}],"about":[{"href":"https:\/\/www.zaza-lili.com\/sv\/wp-json\/wp\/v2\/types\/product"}],"version-history":[{"count":0,"href":"https:\/\/www.zaza-lili.com\/sv\/wp-json\/wp\/v2\/product\/2898\/revisions"}],"wp:featuredmedia":[{"embeddable":true,"href":"https:\/\/www.zaza-lili.com\/sv\/wp-json\/wp\/v2\/media\/2897"}],"wp:attachment":[{"href":"https:\/\/www.zaza-lili.com\/sv\/wp-json\/wp\/v2\/media?parent=2898"}],"wp:term":[{"taxonomy":"product_brand","embeddable":true,"href":"https:\/\/www.zaza-lili.com\/sv\/wp-json\/wp\/v2\/product_brand?post=2898"},{"taxonomy":"product_cat","embeddable":true,"href":"https:\/\/www.zaza-lili.com\/sv\/wp-json\/wp\/v2\/product_cat?post=2898"},{"taxonomy":"product_tag","embeddable":true,"href":"https:\/\/www.zaza-lili.com\/sv\/wp-json\/wp\/v2\/product_tag?post=2898"}],"curies":[{"name":"wp","href":"https:\/\/api.w.org\/{rel}","templated":true}]}}