{"id":2664,"date":"2025-10-14T09:27:17","date_gmt":"2025-10-14T09:27:17","guid":{"rendered":"https:\/\/www.refonte.zaza-lili.com\/produit\/scarlet-ring\/"},"modified":"2026-02-07T16:39:02","modified_gmt":"2026-02-07T16:39:02","slug":"scarlet-ring","status":"publish","type":"product","link":"https:\/\/www.zaza-lili.com\/sv\/produkt\/scarlet-ring\/","title":{"rendered":"Scarlet<br> Ring"},"content":{"rendered":"<p>En \u00f6ppen ring med hamrad yta, dj\u00e4rv och skulptural. Den moderna, texturerade designen ger karakt\u00e4r och originalitet samtidigt som den \u00e4r enkel att justera f\u00f6r perfekt passform.<\/p>\n","protected":false},"excerpt":{"rendered":"<p>En \u00f6ppen ring med hamrad yta, dj\u00e4rv och skulptural. Den moderna, texturerade designen ger karakt\u00e4r och originalitet samtidigt som den \u00e4r enkel att justera f\u00f6r perfekt passform.<\/p>\n","protected":false},"featured_media":2658,"template":"","meta":[],"product_brand":[],"product_cat":[77,150,65,102,152],"product_tag":[],"class_list":{"0":"post-2664","1":"product","2":"type-product","3":"status-publish","4":"has-post-thumbnail","6":"product_cat-favoriter","7":"product_cat-linea","8":"product_cat-nyheter","9":"product_cat-ringar","10":"product_cat-scarlet","12":"first","13":"instock","14":"shipping-taxable","15":"purchasable","16":"product-type-variable","17":"has-default-attributes"},"aioseo_notices":[],"_links":{"self":[{"href":"https:\/\/www.zaza-lili.com\/sv\/wp-json\/wp\/v2\/product\/2664","targetHints":{"allow":["GET"]}}],"collection":[{"href":"https:\/\/www.zaza-lili.com\/sv\/wp-json\/wp\/v2\/product"}],"about":[{"href":"https:\/\/www.zaza-lili.com\/sv\/wp-json\/wp\/v2\/types\/product"}],"version-history":[{"count":0,"href":"https:\/\/www.zaza-lili.com\/sv\/wp-json\/wp\/v2\/product\/2664\/revisions"}],"wp:featuredmedia":[{"embeddable":true,"href":"https:\/\/www.zaza-lili.com\/sv\/wp-json\/wp\/v2\/media\/2658"}],"wp:attachment":[{"href":"https:\/\/www.zaza-lili.com\/sv\/wp-json\/wp\/v2\/media?parent=2664"}],"wp:term":[{"taxonomy":"product_brand","embeddable":true,"href":"https:\/\/www.zaza-lili.com\/sv\/wp-json\/wp\/v2\/product_brand?post=2664"},{"taxonomy":"product_cat","embeddable":true,"href":"https:\/\/www.zaza-lili.com\/sv\/wp-json\/wp\/v2\/product_cat?post=2664"},{"taxonomy":"product_tag","embeddable":true,"href":"https:\/\/www.zaza-lili.com\/sv\/wp-json\/wp\/v2\/product_tag?post=2664"}],"curies":[{"name":"wp","href":"https:\/\/api.w.org\/{rel}","templated":true}]}}