{"id":2653,"date":"2025-10-14T09:32:46","date_gmt":"2025-10-14T09:32:46","guid":{"rendered":"https:\/\/www.refonte.zaza-lili.com\/produit\/scarlet-hookorhangen\/"},"modified":"2026-02-07T16:39:02","modified_gmt":"2026-02-07T16:39:02","slug":"scarlet-hookorhangen","status":"publish","type":"product","link":"https:\/\/www.zaza-lili.com\/sv\/produkt\/scarlet-hookorhangen\/","title":{"rendered":"Scarlet Hook<br>\u00f6rh\u00e4ngen"},"content":{"rendered":"<p>Sm\u00e5 b\u00f6jda \u00f6rh\u00e4ngen med hamrad yta, diskreta men \u00e4nd\u00e5 fulla av karakt\u00e4r. Ett kompakt smycke som subtilt drar till sig blickar med elegans.<\/p>\n","protected":false},"excerpt":{"rendered":"<p>Sm\u00e5 b\u00f6jda \u00f6rh\u00e4ngen med hamrad yta, diskreta men \u00e4nd\u00e5 fulla av karakt\u00e4r. Ett kompakt smycke som subtilt drar till sig blickar med elegans.<\/p>\n","protected":false},"featured_media":2647,"template":"","meta":[],"product_brand":[],"product_cat":[150,65,53,152],"product_tag":[],"class_list":{"0":"post-2653","1":"product","2":"type-product","3":"status-publish","4":"has-post-thumbnail","6":"product_cat-linea","7":"product_cat-nyheter","8":"product_cat-orhangen","9":"product_cat-scarlet","11":"first","12":"instock","13":"shipping-taxable","14":"purchasable","15":"product-type-variable","16":"has-default-attributes"},"aioseo_notices":[],"_links":{"self":[{"href":"https:\/\/www.zaza-lili.com\/sv\/wp-json\/wp\/v2\/product\/2653","targetHints":{"allow":["GET"]}}],"collection":[{"href":"https:\/\/www.zaza-lili.com\/sv\/wp-json\/wp\/v2\/product"}],"about":[{"href":"https:\/\/www.zaza-lili.com\/sv\/wp-json\/wp\/v2\/types\/product"}],"version-history":[{"count":0,"href":"https:\/\/www.zaza-lili.com\/sv\/wp-json\/wp\/v2\/product\/2653\/revisions"}],"wp:featuredmedia":[{"embeddable":true,"href":"https:\/\/www.zaza-lili.com\/sv\/wp-json\/wp\/v2\/media\/2647"}],"wp:attachment":[{"href":"https:\/\/www.zaza-lili.com\/sv\/wp-json\/wp\/v2\/media?parent=2653"}],"wp:term":[{"taxonomy":"product_brand","embeddable":true,"href":"https:\/\/www.zaza-lili.com\/sv\/wp-json\/wp\/v2\/product_brand?post=2653"},{"taxonomy":"product_cat","embeddable":true,"href":"https:\/\/www.zaza-lili.com\/sv\/wp-json\/wp\/v2\/product_cat?post=2653"},{"taxonomy":"product_tag","embeddable":true,"href":"https:\/\/www.zaza-lili.com\/sv\/wp-json\/wp\/v2\/product_tag?post=2653"}],"curies":[{"name":"wp","href":"https:\/\/api.w.org\/{rel}","templated":true}]}}