{"id":2643,"date":"2025-10-14T09:56:12","date_gmt":"2025-10-14T09:56:12","guid":{"rendered":"https:\/\/www.refonte.zaza-lili.com\/produit\/scarlet-small-orhangen\/"},"modified":"2026-02-07T16:39:02","modified_gmt":"2026-02-07T16:39:02","slug":"scarlet-small-orhangen","status":"publish","type":"product","link":"https:\/\/www.zaza-lili.com\/sv\/produkt\/scarlet-small-orhangen\/","title":{"rendered":"Scarlet <br>Small \u00d6rh\u00e4ngen"},"content":{"rendered":"<p>Sm\u00e5, tunna cirkul\u00e4ra \u00f6rh\u00e4ngen, diskreta och moderna. Den dolda stiftst\u00e4ngningen ger en bekv\u00e4m passform, medan den l\u00e4tta texturen tillf\u00f6r subtil dimension och elegans.<\/p>\n","protected":false},"excerpt":{"rendered":"<p>Sm\u00e5, tunna cirkul\u00e4ra \u00f6rh\u00e4ngen, diskreta och moderna. Den dolda stiftst\u00e4ngningen ger en bekv\u00e4m passform, medan den l\u00e4tta texturen tillf\u00f6r subtil dimension och elegans.<\/p>\n","protected":false},"featured_media":2641,"template":"","meta":[],"product_brand":[],"product_cat":[150,65,53,152],"product_tag":[],"class_list":{"0":"post-2643","1":"product","2":"type-product","3":"status-publish","4":"has-post-thumbnail","6":"product_cat-linea","7":"product_cat-nyheter","8":"product_cat-orhangen","9":"product_cat-scarlet","11":"first","12":"instock","13":"shipping-taxable","14":"purchasable","15":"product-type-variable","16":"has-default-attributes"},"aioseo_notices":[],"_links":{"self":[{"href":"https:\/\/www.zaza-lili.com\/sv\/wp-json\/wp\/v2\/product\/2643","targetHints":{"allow":["GET"]}}],"collection":[{"href":"https:\/\/www.zaza-lili.com\/sv\/wp-json\/wp\/v2\/product"}],"about":[{"href":"https:\/\/www.zaza-lili.com\/sv\/wp-json\/wp\/v2\/types\/product"}],"version-history":[{"count":0,"href":"https:\/\/www.zaza-lili.com\/sv\/wp-json\/wp\/v2\/product\/2643\/revisions"}],"wp:featuredmedia":[{"embeddable":true,"href":"https:\/\/www.zaza-lili.com\/sv\/wp-json\/wp\/v2\/media\/2641"}],"wp:attachment":[{"href":"https:\/\/www.zaza-lili.com\/sv\/wp-json\/wp\/v2\/media?parent=2643"}],"wp:term":[{"taxonomy":"product_brand","embeddable":true,"href":"https:\/\/www.zaza-lili.com\/sv\/wp-json\/wp\/v2\/product_brand?post=2643"},{"taxonomy":"product_cat","embeddable":true,"href":"https:\/\/www.zaza-lili.com\/sv\/wp-json\/wp\/v2\/product_cat?post=2643"},{"taxonomy":"product_tag","embeddable":true,"href":"https:\/\/www.zaza-lili.com\/sv\/wp-json\/wp\/v2\/product_tag?post=2643"}],"curies":[{"name":"wp","href":"https:\/\/api.w.org\/{rel}","templated":true}]}}