{"id":2635,"date":"2025-10-14T10:13:05","date_gmt":"2025-10-14T10:13:05","guid":{"rendered":"https:\/\/www.refonte.zaza-lili.com\/produit\/scarlet-halsband\/"},"modified":"2026-02-07T16:39:02","modified_gmt":"2026-02-07T16:39:02","slug":"scarlet-halsband","status":"publish","type":"product","link":"https:\/\/www.zaza-lili.com\/sv\/produkt\/scarlet-halsband\/","title":{"rendered":"Scarlet <br>Halsband"},"content":{"rendered":"<p>Ett mjukt rundat h\u00e4nge, f\u00f6rh\u00f6jt med en hamrad yta, p\u00e5 en tunn kedja. Ett enkelt, elegant och tidl\u00f6st smycke som ger en subtil touch till alla outfits.<\/p>\n","protected":false},"excerpt":{"rendered":"<p>Ett mjukt rundat h\u00e4nge, f\u00f6rh\u00f6jt med en hamrad yta, p\u00e5 en tunn kedja. Ett enkelt, elegant och tidl\u00f6st smycke som ger en subtil touch till alla outfits.<\/p>\n","protected":false},"featured_media":12554,"template":"","meta":[],"product_brand":[],"product_cat":[96,150,65,152],"product_tag":[],"class_list":{"0":"post-2635","1":"product","2":"type-product","3":"status-publish","4":"has-post-thumbnail","6":"product_cat-halsband","7":"product_cat-linea","8":"product_cat-nyheter","9":"product_cat-scarlet","11":"first","12":"instock","13":"shipping-taxable","14":"purchasable","15":"product-type-variable","16":"has-default-attributes"},"aioseo_notices":[],"_links":{"self":[{"href":"https:\/\/www.zaza-lili.com\/sv\/wp-json\/wp\/v2\/product\/2635","targetHints":{"allow":["GET"]}}],"collection":[{"href":"https:\/\/www.zaza-lili.com\/sv\/wp-json\/wp\/v2\/product"}],"about":[{"href":"https:\/\/www.zaza-lili.com\/sv\/wp-json\/wp\/v2\/types\/product"}],"version-history":[{"count":0,"href":"https:\/\/www.zaza-lili.com\/sv\/wp-json\/wp\/v2\/product\/2635\/revisions"}],"wp:featuredmedia":[{"embeddable":true,"href":"https:\/\/www.zaza-lili.com\/sv\/wp-json\/wp\/v2\/media\/12554"}],"wp:attachment":[{"href":"https:\/\/www.zaza-lili.com\/sv\/wp-json\/wp\/v2\/media?parent=2635"}],"wp:term":[{"taxonomy":"product_brand","embeddable":true,"href":"https:\/\/www.zaza-lili.com\/sv\/wp-json\/wp\/v2\/product_brand?post=2635"},{"taxonomy":"product_cat","embeddable":true,"href":"https:\/\/www.zaza-lili.com\/sv\/wp-json\/wp\/v2\/product_cat?post=2635"},{"taxonomy":"product_tag","embeddable":true,"href":"https:\/\/www.zaza-lili.com\/sv\/wp-json\/wp\/v2\/product_tag?post=2635"}],"curies":[{"name":"wp","href":"https:\/\/api.w.org\/{rel}","templated":true}]}}