{"id":2423,"date":"2025-10-08T10:19:46","date_gmt":"2025-10-08T10:19:46","guid":{"rendered":"https:\/\/www.refonte.zaza-lili.com\/produit\/drop-small-halsband\/"},"modified":"2026-02-07T16:38:35","modified_gmt":"2026-02-07T16:38:35","slug":"drop-small-halsband","status":"publish","type":"product","link":"https:\/\/www.zaza-lili.com\/sv\/produkt\/drop-small-halsband\/","title":{"rendered":"Drop Small <br> Halsband"},"content":{"rendered":"<p>Elegant halsband med ett \u00e5teruppfunnet dropph\u00e4nge, med modern och sofistikerad design. Detta minimalistiska smycke ger en ljus och samtida touch till alla outfits, f\u00f6r en stil som \u00e4r b\u00e5de chic och tidl\u00f6s.<\/p>\n","protected":false},"excerpt":{"rendered":"<p>Elegant halsband med ett \u00e5teruppfunnet dropph\u00e4nge, med modern och sofistikerad design. Detta minimalistiska smycke ger en ljus och samtida touch till alla outfits, f\u00f6r en stil som \u00e4r b\u00e5de chic och tidl\u00f6s.<\/p>\n","protected":false},"featured_media":12582,"template":"","meta":[],"product_brand":[],"product_cat":[144,77,96,142],"product_tag":[],"class_list":{"0":"post-2423","1":"product","2":"type-product","3":"status-publish","4":"has-post-thumbnail","6":"product_cat-drop","7":"product_cat-favoriter","8":"product_cat-halsband","9":"product_cat-silver","11":"first","12":"instock","13":"shipping-taxable","14":"purchasable","15":"product-type-simple"},"aioseo_notices":[],"_links":{"self":[{"href":"https:\/\/www.zaza-lili.com\/sv\/wp-json\/wp\/v2\/product\/2423","targetHints":{"allow":["GET"]}}],"collection":[{"href":"https:\/\/www.zaza-lili.com\/sv\/wp-json\/wp\/v2\/product"}],"about":[{"href":"https:\/\/www.zaza-lili.com\/sv\/wp-json\/wp\/v2\/types\/product"}],"version-history":[{"count":0,"href":"https:\/\/www.zaza-lili.com\/sv\/wp-json\/wp\/v2\/product\/2423\/revisions"}],"wp:featuredmedia":[{"embeddable":true,"href":"https:\/\/www.zaza-lili.com\/sv\/wp-json\/wp\/v2\/media\/12582"}],"wp:attachment":[{"href":"https:\/\/www.zaza-lili.com\/sv\/wp-json\/wp\/v2\/media?parent=2423"}],"wp:term":[{"taxonomy":"product_brand","embeddable":true,"href":"https:\/\/www.zaza-lili.com\/sv\/wp-json\/wp\/v2\/product_brand?post=2423"},{"taxonomy":"product_cat","embeddable":true,"href":"https:\/\/www.zaza-lili.com\/sv\/wp-json\/wp\/v2\/product_cat?post=2423"},{"taxonomy":"product_tag","embeddable":true,"href":"https:\/\/www.zaza-lili.com\/sv\/wp-json\/wp\/v2\/product_tag?post=2423"}],"curies":[{"name":"wp","href":"https:\/\/api.w.org\/{rel}","templated":true}]}}