{"id":2402,"date":"2025-10-07T13:14:42","date_gmt":"2025-10-07T13:14:42","guid":{"rendered":"https:\/\/www.refonte.zaza-lili.com\/produit\/drop-large-halsband\/"},"modified":"2026-02-07T16:38:35","modified_gmt":"2026-02-07T16:38:35","slug":"drop-large-halsband","status":"publish","type":"product","link":"https:\/\/www.zaza-lili.com\/sv\/produkt\/drop-large-halsband\/","title":{"rendered":"Drop Large Halsband"},"content":{"rendered":"<p>Elegant halsband med droppformat h\u00e4nget i nytt utf\u00f6rande.<br \/>\nH\u00e4ngets storlek 18\u00d722 mm. Justerbar l\u00e4ngd 42-47 cm.<br \/>\nTillverkat av Sterling Silver 925 och pl\u00e4terat med rhodium f\u00f6r extra glans och h\u00e5llbarhet.<\/p>\n","protected":false},"excerpt":{"rendered":"<p>Elegant halsband med droppformat h\u00e4nget i nytt utf\u00f6rande. H\u00e4ngets storlek 18\u00d722 mm. Justerbar l\u00e4ngd 42-47 cm. Tillverkat av Sterling Silver 925 och pl\u00e4terat med rhodium f\u00f6r extra glans och h\u00e5llbarhet.<\/p>\n","protected":false},"featured_media":2398,"template":"","meta":[],"product_brand":[],"product_cat":[144,96,142],"product_tag":[],"class_list":{"0":"post-2402","1":"product","2":"type-product","3":"status-publish","4":"has-post-thumbnail","6":"product_cat-drop","7":"product_cat-halsband","8":"product_cat-silver","10":"first","11":"instock","12":"shipping-taxable","13":"purchasable","14":"product-type-simple"},"aioseo_notices":[],"_links":{"self":[{"href":"https:\/\/www.zaza-lili.com\/sv\/wp-json\/wp\/v2\/product\/2402","targetHints":{"allow":["GET"]}}],"collection":[{"href":"https:\/\/www.zaza-lili.com\/sv\/wp-json\/wp\/v2\/product"}],"about":[{"href":"https:\/\/www.zaza-lili.com\/sv\/wp-json\/wp\/v2\/types\/product"}],"version-history":[{"count":0,"href":"https:\/\/www.zaza-lili.com\/sv\/wp-json\/wp\/v2\/product\/2402\/revisions"}],"wp:featuredmedia":[{"embeddable":true,"href":"https:\/\/www.zaza-lili.com\/sv\/wp-json\/wp\/v2\/media\/2398"}],"wp:attachment":[{"href":"https:\/\/www.zaza-lili.com\/sv\/wp-json\/wp\/v2\/media?parent=2402"}],"wp:term":[{"taxonomy":"product_brand","embeddable":true,"href":"https:\/\/www.zaza-lili.com\/sv\/wp-json\/wp\/v2\/product_brand?post=2402"},{"taxonomy":"product_cat","embeddable":true,"href":"https:\/\/www.zaza-lili.com\/sv\/wp-json\/wp\/v2\/product_cat?post=2402"},{"taxonomy":"product_tag","embeddable":true,"href":"https:\/\/www.zaza-lili.com\/sv\/wp-json\/wp\/v2\/product_tag?post=2402"}],"curies":[{"name":"wp","href":"https:\/\/api.w.org\/{rel}","templated":true}]}}