{"id":2358,"date":"2025-10-07T12:37:12","date_gmt":"2025-10-07T12:37:12","guid":{"rendered":"https:\/\/www.refonte.zaza-lili.com\/produit\/droplet-orhangen\/"},"modified":"2026-02-07T16:38:35","modified_gmt":"2026-02-07T16:38:35","slug":"droplet-orhangen","status":"publish","type":"product","link":"https:\/\/www.zaza-lili.com\/sv\/produkt\/droplet-orhangen\/","title":{"rendered":"Droplet <br>\u00d6rh\u00e4ngen"},"content":{"rendered":"<p>Eleganta och diskreta \u00f6rh\u00e4ngen, som b\u00f6ljande droppar \u2026<br \/>\nL\u00e4ngd 24 mm.<br \/>\nTillverkade av Sterling Silver 925 och rodiumpl\u00e4terade f\u00f6r extra glans och h\u00e5llbarhet.<\/p>\n","protected":false},"excerpt":{"rendered":"<p>Eleganta och diskreta \u00f6rh\u00e4ngen, som b\u00f6ljande droppar \u2026 L\u00e4ngd 24 mm. Tillverkade av Sterling Silver 925 och rodiumpl\u00e4terade f\u00f6r extra glans och h\u00e5llbarhet.<\/p>\n","protected":false},"featured_media":12592,"template":"","meta":[],"product_brand":[],"product_cat":[146,53,142],"product_tag":[],"class_list":{"0":"post-2358","1":"product","2":"type-product","3":"status-publish","4":"has-post-thumbnail","6":"product_cat-droplet","7":"product_cat-orhangen","8":"product_cat-silver","10":"first","11":"instock","12":"shipping-taxable","13":"purchasable","14":"product-type-simple"},"aioseo_notices":[],"_links":{"self":[{"href":"https:\/\/www.zaza-lili.com\/sv\/wp-json\/wp\/v2\/product\/2358","targetHints":{"allow":["GET"]}}],"collection":[{"href":"https:\/\/www.zaza-lili.com\/sv\/wp-json\/wp\/v2\/product"}],"about":[{"href":"https:\/\/www.zaza-lili.com\/sv\/wp-json\/wp\/v2\/types\/product"}],"version-history":[{"count":0,"href":"https:\/\/www.zaza-lili.com\/sv\/wp-json\/wp\/v2\/product\/2358\/revisions"}],"wp:featuredmedia":[{"embeddable":true,"href":"https:\/\/www.zaza-lili.com\/sv\/wp-json\/wp\/v2\/media\/12592"}],"wp:attachment":[{"href":"https:\/\/www.zaza-lili.com\/sv\/wp-json\/wp\/v2\/media?parent=2358"}],"wp:term":[{"taxonomy":"product_brand","embeddable":true,"href":"https:\/\/www.zaza-lili.com\/sv\/wp-json\/wp\/v2\/product_brand?post=2358"},{"taxonomy":"product_cat","embeddable":true,"href":"https:\/\/www.zaza-lili.com\/sv\/wp-json\/wp\/v2\/product_cat?post=2358"},{"taxonomy":"product_tag","embeddable":true,"href":"https:\/\/www.zaza-lili.com\/sv\/wp-json\/wp\/v2\/product_tag?post=2358"}],"curies":[{"name":"wp","href":"https:\/\/api.w.org\/{rel}","templated":true}]}}