{"id":2342,"date":"2025-10-07T11:04:09","date_gmt":"2025-10-07T11:04:09","guid":{"rendered":"https:\/\/www.refonte.zaza-lili.com\/produit\/drop-orhangen\/"},"modified":"2026-02-07T16:38:35","modified_gmt":"2026-02-07T16:38:35","slug":"drop-orhangen","status":"publish","type":"product","link":"https:\/\/www.zaza-lili.com\/sv\/produkt\/drop-orhangen\/","title":{"rendered":"Drop<br> \u00d6rh\u00e4ngen"},"content":{"rendered":"<p>\u00d6rh\u00e4ngen i ren och modern droppform, minimalistisk och elegant design. Den raffinerade stilen ger en ljus och samtida touch till alla outfits.<\/p>\n","protected":false},"excerpt":{"rendered":"<p>\u00d6rh\u00e4ngen i ren och modern droppform, minimalistisk och elegant design. Den raffinerade stilen ger en ljus och samtida touch till alla outfits.<\/p>\n","protected":false},"featured_media":12595,"template":"","meta":[],"product_brand":[],"product_cat":[144,53,142],"product_tag":[],"class_list":{"0":"post-2342","1":"product","2":"type-product","3":"status-publish","4":"has-post-thumbnail","6":"product_cat-drop","7":"product_cat-orhangen","8":"product_cat-silver","10":"first","11":"instock","12":"shipping-taxable","13":"purchasable","14":"product-type-simple"},"aioseo_notices":[],"_links":{"self":[{"href":"https:\/\/www.zaza-lili.com\/sv\/wp-json\/wp\/v2\/product\/2342","targetHints":{"allow":["GET"]}}],"collection":[{"href":"https:\/\/www.zaza-lili.com\/sv\/wp-json\/wp\/v2\/product"}],"about":[{"href":"https:\/\/www.zaza-lili.com\/sv\/wp-json\/wp\/v2\/types\/product"}],"version-history":[{"count":0,"href":"https:\/\/www.zaza-lili.com\/sv\/wp-json\/wp\/v2\/product\/2342\/revisions"}],"wp:featuredmedia":[{"embeddable":true,"href":"https:\/\/www.zaza-lili.com\/sv\/wp-json\/wp\/v2\/media\/12595"}],"wp:attachment":[{"href":"https:\/\/www.zaza-lili.com\/sv\/wp-json\/wp\/v2\/media?parent=2342"}],"wp:term":[{"taxonomy":"product_brand","embeddable":true,"href":"https:\/\/www.zaza-lili.com\/sv\/wp-json\/wp\/v2\/product_brand?post=2342"},{"taxonomy":"product_cat","embeddable":true,"href":"https:\/\/www.zaza-lili.com\/sv\/wp-json\/wp\/v2\/product_cat?post=2342"},{"taxonomy":"product_tag","embeddable":true,"href":"https:\/\/www.zaza-lili.com\/sv\/wp-json\/wp\/v2\/product_tag?post=2342"}],"curies":[{"name":"wp","href":"https:\/\/api.w.org\/{rel}","templated":true}]}}