{"id":1956,"date":"2025-09-26T14:32:58","date_gmt":"2025-09-26T14:32:58","guid":{"rendered":"https:\/\/www.refonte.zaza-lili.com\/produit\/enlacearmring\/"},"modified":"2026-02-07T16:39:02","modified_gmt":"2026-02-07T16:39:02","slug":"enlacearmring","status":"publish","type":"product","link":"https:\/\/www.zaza-lili.com\/sv\/produkt\/enlacearmring\/","title":{"rendered":"Enlace<br>Armring"},"content":{"rendered":"<p>Detta armband fr\u00e5n Enlace-linjen erbjuder en elegant och m\u00e5ngsidig stil, perfekt f\u00f6r vardag eller kv\u00e4llstillf\u00e4llen. \u00d6ppet och justerbart, ger det en sofistikerad och modern touch p\u00e5 handleden.<\/p>\n","protected":false},"excerpt":{"rendered":"<p>Detta armband fr\u00e5n Enlace-linjen erbjuder en elegant och m\u00e5ngsidig stil, perfekt f\u00f6r vardag eller kv\u00e4llstillf\u00e4llen. \u00d6ppet och justerbart, ger det en sofistikerad och modern touch p\u00e5 handleden.<\/p>\n","protected":false},"featured_media":12552,"template":"","meta":[],"product_brand":[],"product_cat":[55,115,122],"product_tag":[],"class_list":{"0":"post-1956","1":"product","2":"type-product","3":"status-publish","4":"has-post-thumbnail","6":"product_cat-armband","7":"product_cat-enlace","8":"product_cat-nymphe-lace","10":"first","11":"instock","12":"shipping-taxable","13":"purchasable","14":"product-type-variable","15":"has-default-attributes"},"aioseo_notices":[],"_links":{"self":[{"href":"https:\/\/www.zaza-lili.com\/sv\/wp-json\/wp\/v2\/product\/1956","targetHints":{"allow":["GET"]}}],"collection":[{"href":"https:\/\/www.zaza-lili.com\/sv\/wp-json\/wp\/v2\/product"}],"about":[{"href":"https:\/\/www.zaza-lili.com\/sv\/wp-json\/wp\/v2\/types\/product"}],"version-history":[{"count":0,"href":"https:\/\/www.zaza-lili.com\/sv\/wp-json\/wp\/v2\/product\/1956\/revisions"}],"wp:featuredmedia":[{"embeddable":true,"href":"https:\/\/www.zaza-lili.com\/sv\/wp-json\/wp\/v2\/media\/12552"}],"wp:attachment":[{"href":"https:\/\/www.zaza-lili.com\/sv\/wp-json\/wp\/v2\/media?parent=1956"}],"wp:term":[{"taxonomy":"product_brand","embeddable":true,"href":"https:\/\/www.zaza-lili.com\/sv\/wp-json\/wp\/v2\/product_brand?post=1956"},{"taxonomy":"product_cat","embeddable":true,"href":"https:\/\/www.zaza-lili.com\/sv\/wp-json\/wp\/v2\/product_cat?post=1956"},{"taxonomy":"product_tag","embeddable":true,"href":"https:\/\/www.zaza-lili.com\/sv\/wp-json\/wp\/v2\/product_tag?post=1956"}],"curies":[{"name":"wp","href":"https:\/\/api.w.org\/{rel}","templated":true}]}}