{"id":1887,"date":"2025-09-26T13:43:02","date_gmt":"2025-09-26T13:43:02","guid":{"rendered":"https:\/\/www.refonte.zaza-lili.com\/produit\/enlace-orhangen\/"},"modified":"2026-02-07T16:39:02","modified_gmt":"2026-02-07T16:39:02","slug":"enlace-orhangen","status":"publish","type":"product","link":"https:\/\/www.zaza-lili.com\/sv\/produkt\/enlace-orhangen\/","title":{"rendered":"Enlace <br>\u00d6rh\u00e4ngen"},"content":{"rendered":"<p>\u00d6rh\u00e4ngen i form av ett spetsl\u00f6v, delikata och raffinerade, perfekta f\u00f6r att till\u00e4gga en feminin och elegant touch. De matchar harmoniskt med alla smycken i Enlace-linjen.<\/p>\n","protected":false},"excerpt":{"rendered":"<p>\u00d6rh\u00e4ngen i form av ett spetsl\u00f6v, delikata och raffinerade, perfekta f\u00f6r att till\u00e4gga en feminin och elegant touch. De matchar harmoniskt med alla smycken i Enlace-linjen.<\/p>\n","protected":false},"featured_media":1885,"template":"","meta":[],"product_brand":[],"product_cat":[115,122,53],"product_tag":[],"class_list":{"0":"post-1887","1":"product","2":"type-product","3":"status-publish","4":"has-post-thumbnail","6":"product_cat-enlace","7":"product_cat-nymphe-lace","8":"product_cat-orhangen","10":"first","11":"instock","12":"shipping-taxable","13":"purchasable","14":"product-type-variable","15":"has-default-attributes"},"aioseo_notices":[],"_links":{"self":[{"href":"https:\/\/www.zaza-lili.com\/sv\/wp-json\/wp\/v2\/product\/1887","targetHints":{"allow":["GET"]}}],"collection":[{"href":"https:\/\/www.zaza-lili.com\/sv\/wp-json\/wp\/v2\/product"}],"about":[{"href":"https:\/\/www.zaza-lili.com\/sv\/wp-json\/wp\/v2\/types\/product"}],"version-history":[{"count":0,"href":"https:\/\/www.zaza-lili.com\/sv\/wp-json\/wp\/v2\/product\/1887\/revisions"}],"wp:featuredmedia":[{"embeddable":true,"href":"https:\/\/www.zaza-lili.com\/sv\/wp-json\/wp\/v2\/media\/1885"}],"wp:attachment":[{"href":"https:\/\/www.zaza-lili.com\/sv\/wp-json\/wp\/v2\/media?parent=1887"}],"wp:term":[{"taxonomy":"product_brand","embeddable":true,"href":"https:\/\/www.zaza-lili.com\/sv\/wp-json\/wp\/v2\/product_brand?post=1887"},{"taxonomy":"product_cat","embeddable":true,"href":"https:\/\/www.zaza-lili.com\/sv\/wp-json\/wp\/v2\/product_cat?post=1887"},{"taxonomy":"product_tag","embeddable":true,"href":"https:\/\/www.zaza-lili.com\/sv\/wp-json\/wp\/v2\/product_tag?post=1887"}],"curies":[{"name":"wp","href":"https:\/\/api.w.org\/{rel}","templated":true}]}}