{"id":1863,"date":"2025-09-26T12:43:57","date_gmt":"2025-09-26T12:43:57","guid":{"rendered":"https:\/\/www.refonte.zaza-lili.com\/?post_type=product&#038;p=1863"},"modified":"2026-02-07T16:38:44","modified_gmt":"2026-02-07T16:38:44","slug":"enlace-slim-ring","status":"publish","type":"product","link":"https:\/\/www.zaza-lili.com\/sv\/produkt\/enlace-slim-ring\/","title":{"rendered":"Enlace Slim <br \/>ring"},"content":{"rendered":"<p>Som ett delikat spetsstycke som omsluter fingret, framh\u00e4vs denna eleganta ring av sm\u00e5 gnistrande kubiska zirkoner. Ett raffinerat smycke som kombinerar femininitet och sofistikering f\u00f6r en tidl\u00f6s stil.<\/p>\n","protected":false},"excerpt":{"rendered":"<p>Som ett delikat spetsstycke som omsluter fingret, framh\u00e4vs denna eleganta ring av sm\u00e5 gnistrande kubiska zirkoner. Ett raffinerat smycke som kombinerar femininitet och sofistikering f\u00f6r en tidl\u00f6s stil.<\/p>\n","protected":false},"featured_media":1857,"template":"","meta":[],"product_brand":[],"product_cat":[115,99,122,102],"product_tag":[],"class_list":{"0":"post-1863","1":"product","2":"type-product","3":"status-publish","4":"has-post-thumbnail","6":"product_cat-enlace","7":"product_cat-sortiment-inflight","8":"product_cat-nymphe-lace","9":"product_cat-ringar","11":"first","12":"instock","13":"shipping-taxable","14":"purchasable","15":"product-type-variable","16":"has-default-attributes"},"aioseo_notices":[],"_links":{"self":[{"href":"https:\/\/www.zaza-lili.com\/sv\/wp-json\/wp\/v2\/product\/1863","targetHints":{"allow":["GET"]}}],"collection":[{"href":"https:\/\/www.zaza-lili.com\/sv\/wp-json\/wp\/v2\/product"}],"about":[{"href":"https:\/\/www.zaza-lili.com\/sv\/wp-json\/wp\/v2\/types\/product"}],"version-history":[{"count":0,"href":"https:\/\/www.zaza-lili.com\/sv\/wp-json\/wp\/v2\/product\/1863\/revisions"}],"wp:featuredmedia":[{"embeddable":true,"href":"https:\/\/www.zaza-lili.com\/sv\/wp-json\/wp\/v2\/media\/1857"}],"wp:attachment":[{"href":"https:\/\/www.zaza-lili.com\/sv\/wp-json\/wp\/v2\/media?parent=1863"}],"wp:term":[{"taxonomy":"product_brand","embeddable":true,"href":"https:\/\/www.zaza-lili.com\/sv\/wp-json\/wp\/v2\/product_brand?post=1863"},{"taxonomy":"product_cat","embeddable":true,"href":"https:\/\/www.zaza-lili.com\/sv\/wp-json\/wp\/v2\/product_cat?post=1863"},{"taxonomy":"product_tag","embeddable":true,"href":"https:\/\/www.zaza-lili.com\/sv\/wp-json\/wp\/v2\/product_tag?post=1863"}],"curies":[{"name":"wp","href":"https:\/\/api.w.org\/{rel}","templated":true}]}}