{"id":1828,"date":"2025-09-26T08:13:39","date_gmt":"2025-09-26T08:13:39","guid":{"rendered":"https:\/\/www.refonte.zaza-lili.com\/produit\/enlace-ring\/"},"modified":"2026-02-07T16:39:02","modified_gmt":"2026-02-07T16:39:02","slug":"enlace-ring","status":"publish","type":"product","link":"https:\/\/www.zaza-lili.com\/sv\/produkt\/enlace-ring\/","title":{"rendered":"Enlace <br> ring"},"content":{"rendered":"<p>Denna gnistrande ring framh\u00e4vs av sm\u00e5 genomskinliga kubiska zirkoner. Som ett delikat spetsstycke som omsluter fingret, \u00e4r den en elegant och trendig accessoar f\u00f6r s\u00e4songen.<\/p>\n","protected":false},"excerpt":{"rendered":"<p>Denna gnistrande ring framh\u00e4vs av sm\u00e5 genomskinliga kubiska zirkoner. Som ett delikat spetsstycke som omsluter fingret, \u00e4r den en elegant och trendig accessoar f\u00f6r s\u00e4songen.<\/p>\n","protected":false},"featured_media":1824,"template":"","meta":[],"product_brand":[],"product_cat":[115,77,99,122,102],"product_tag":[],"class_list":{"0":"post-1828","1":"product","2":"type-product","3":"status-publish","4":"has-post-thumbnail","6":"product_cat-enlace","7":"product_cat-favoriter","8":"product_cat-sortiment-inflight","9":"product_cat-nymphe-lace","10":"product_cat-ringar","12":"first","13":"instock","14":"shipping-taxable","15":"purchasable","16":"product-type-variable","17":"has-default-attributes"},"aioseo_notices":[],"_links":{"self":[{"href":"https:\/\/www.zaza-lili.com\/sv\/wp-json\/wp\/v2\/product\/1828","targetHints":{"allow":["GET"]}}],"collection":[{"href":"https:\/\/www.zaza-lili.com\/sv\/wp-json\/wp\/v2\/product"}],"about":[{"href":"https:\/\/www.zaza-lili.com\/sv\/wp-json\/wp\/v2\/types\/product"}],"version-history":[{"count":0,"href":"https:\/\/www.zaza-lili.com\/sv\/wp-json\/wp\/v2\/product\/1828\/revisions"}],"wp:featuredmedia":[{"embeddable":true,"href":"https:\/\/www.zaza-lili.com\/sv\/wp-json\/wp\/v2\/media\/1824"}],"wp:attachment":[{"href":"https:\/\/www.zaza-lili.com\/sv\/wp-json\/wp\/v2\/media?parent=1828"}],"wp:term":[{"taxonomy":"product_brand","embeddable":true,"href":"https:\/\/www.zaza-lili.com\/sv\/wp-json\/wp\/v2\/product_brand?post=1828"},{"taxonomy":"product_cat","embeddable":true,"href":"https:\/\/www.zaza-lili.com\/sv\/wp-json\/wp\/v2\/product_cat?post=1828"},{"taxonomy":"product_tag","embeddable":true,"href":"https:\/\/www.zaza-lili.com\/sv\/wp-json\/wp\/v2\/product_tag?post=1828"}],"curies":[{"name":"wp","href":"https:\/\/api.w.org\/{rel}","templated":true}]}}