{"id":1717,"date":"2025-08-25T09:15:00","date_gmt":"2025-08-25T09:15:00","guid":{"rendered":"https:\/\/www.refonte.zaza-lili.com\/produit\/undula-armring\/"},"modified":"2026-02-07T16:38:45","modified_gmt":"2026-02-07T16:38:45","slug":"undula-armring","status":"publish","type":"product","link":"https:\/\/www.zaza-lili.com\/sv\/produkt\/undula-armring\/","title":{"rendered":"Undula<br> armring"},"content":{"rendered":"<p>Breda, skulpturala armband med b\u00f6jda linjer, i\u00f6gonfallande men bekv\u00e4ma. Dj\u00e4rvt och elegant, ger en samtida och sofistikerad touch till handleden.<\/p>\n","protected":false},"excerpt":{"rendered":"<p>Breda, skulpturala armband med b\u00f6jda linjer, i\u00f6gonfallande men bekv\u00e4ma. Dj\u00e4rvt och elegant, ger en samtida och sofistikerad touch till handleden.<\/p>\n","protected":false},"featured_media":12570,"template":"","meta":[],"product_brand":[],"product_cat":[55,77,105,65,128],"product_tag":[],"class_list":{"0":"post-1717","1":"product","2":"type-product","3":"status-publish","4":"has-post-thumbnail","6":"product_cat-armband","7":"product_cat-favoriter","8":"product_cat-modern-bohemia","9":"product_cat-nyheter","10":"product_cat-undula","12":"first","13":"instock","14":"shipping-taxable","15":"purchasable","16":"product-type-variable","17":"has-default-attributes"},"aioseo_notices":[],"_links":{"self":[{"href":"https:\/\/www.zaza-lili.com\/sv\/wp-json\/wp\/v2\/product\/1717","targetHints":{"allow":["GET"]}}],"collection":[{"href":"https:\/\/www.zaza-lili.com\/sv\/wp-json\/wp\/v2\/product"}],"about":[{"href":"https:\/\/www.zaza-lili.com\/sv\/wp-json\/wp\/v2\/types\/product"}],"version-history":[{"count":0,"href":"https:\/\/www.zaza-lili.com\/sv\/wp-json\/wp\/v2\/product\/1717\/revisions"}],"wp:featuredmedia":[{"embeddable":true,"href":"https:\/\/www.zaza-lili.com\/sv\/wp-json\/wp\/v2\/media\/12570"}],"wp:attachment":[{"href":"https:\/\/www.zaza-lili.com\/sv\/wp-json\/wp\/v2\/media?parent=1717"}],"wp:term":[{"taxonomy":"product_brand","embeddable":true,"href":"https:\/\/www.zaza-lili.com\/sv\/wp-json\/wp\/v2\/product_brand?post=1717"},{"taxonomy":"product_cat","embeddable":true,"href":"https:\/\/www.zaza-lili.com\/sv\/wp-json\/wp\/v2\/product_cat?post=1717"},{"taxonomy":"product_tag","embeddable":true,"href":"https:\/\/www.zaza-lili.com\/sv\/wp-json\/wp\/v2\/product_tag?post=1717"}],"curies":[{"name":"wp","href":"https:\/\/api.w.org\/{rel}","templated":true}]}}