{"id":1706,"date":"2025-08-25T09:25:13","date_gmt":"2025-08-25T09:25:13","guid":{"rendered":"https:\/\/www.refonte.zaza-lili.com\/produit\/undula-orhangen\/"},"modified":"2026-02-07T16:38:45","modified_gmt":"2026-02-07T16:38:45","slug":"undula-orhangen","status":"publish","type":"product","link":"https:\/\/www.zaza-lili.com\/sv\/produkt\/undula-orhangen\/","title":{"rendered":"Undula <br>\u00f6rh\u00e4ngen"},"content":{"rendered":"<p>Stift\u00f6rh\u00e4ngen med tv\u00e5 runda ringar p\u00e5 \u00f6rsnibben, f\u00f6r en grafisk och modern design. L\u00e4tta och eleganta, de tillf\u00f6r en samtida och sofistikerad touch till alla outfits.<\/p>\n","protected":false},"excerpt":{"rendered":"<p>Stift\u00f6rh\u00e4ngen med tv\u00e5 runda ringar p\u00e5 \u00f6rsnibben, f\u00f6r en grafisk och modern design. L\u00e4tta och eleganta, de tillf\u00f6r en samtida och sofistikerad touch till alla outfits.<\/p>\n","protected":false},"featured_media":12568,"template":"","meta":[],"product_brand":[],"product_cat":[105,65,53,128],"product_tag":[],"class_list":{"0":"post-1706","1":"product","2":"type-product","3":"status-publish","4":"has-post-thumbnail","6":"product_cat-modern-bohemia","7":"product_cat-nyheter","8":"product_cat-orhangen","9":"product_cat-undula","11":"first","12":"instock","13":"shipping-taxable","14":"purchasable","15":"product-type-variable"},"aioseo_notices":[],"_links":{"self":[{"href":"https:\/\/www.zaza-lili.com\/sv\/wp-json\/wp\/v2\/product\/1706","targetHints":{"allow":["GET"]}}],"collection":[{"href":"https:\/\/www.zaza-lili.com\/sv\/wp-json\/wp\/v2\/product"}],"about":[{"href":"https:\/\/www.zaza-lili.com\/sv\/wp-json\/wp\/v2\/types\/product"}],"version-history":[{"count":0,"href":"https:\/\/www.zaza-lili.com\/sv\/wp-json\/wp\/v2\/product\/1706\/revisions"}],"wp:featuredmedia":[{"embeddable":true,"href":"https:\/\/www.zaza-lili.com\/sv\/wp-json\/wp\/v2\/media\/12568"}],"wp:attachment":[{"href":"https:\/\/www.zaza-lili.com\/sv\/wp-json\/wp\/v2\/media?parent=1706"}],"wp:term":[{"taxonomy":"product_brand","embeddable":true,"href":"https:\/\/www.zaza-lili.com\/sv\/wp-json\/wp\/v2\/product_brand?post=1706"},{"taxonomy":"product_cat","embeddable":true,"href":"https:\/\/www.zaza-lili.com\/sv\/wp-json\/wp\/v2\/product_cat?post=1706"},{"taxonomy":"product_tag","embeddable":true,"href":"https:\/\/www.zaza-lili.com\/sv\/wp-json\/wp\/v2\/product_tag?post=1706"}],"curies":[{"name":"wp","href":"https:\/\/api.w.org\/{rel}","templated":true}]}}