{"id":1695,"date":"2025-08-25T09:55:24","date_gmt":"2025-08-25T09:55:24","guid":{"rendered":"https:\/\/www.refonte.zaza-lili.com\/produit\/undula-ring\/"},"modified":"2026-02-07T16:38:45","modified_gmt":"2026-02-07T16:38:45","slug":"undula-ring","status":"publish","type":"product","link":"https:\/\/www.zaza-lili.com\/sv\/produkt\/undula-ring\/","title":{"rendered":"Undula<br> ring"},"content":{"rendered":"<p>\u00d6ppen ring med abstrakta, dj\u00e4rva former som kombinerar modernitet och originalitet. Justerbar inuti, passar perfekt f\u00f6r optimal komfort och sj\u00e4lvs\u00e4ker stil.<\/p>\n","protected":false},"excerpt":{"rendered":"<p>\u00d6ppen ring med abstrakta, dj\u00e4rva former som kombinerar modernitet och originalitet. Justerbar inuti, passar perfekt f\u00f6r optimal komfort och sj\u00e4lvs\u00e4ker stil.<\/p>\n","protected":false},"featured_media":12566,"template":"","meta":[],"product_brand":[],"product_cat":[105,65,102,128],"product_tag":[],"class_list":{"0":"post-1695","1":"product","2":"type-product","3":"status-publish","4":"has-post-thumbnail","6":"product_cat-modern-bohemia","7":"product_cat-nyheter","8":"product_cat-ringar","9":"product_cat-undula","11":"first","12":"instock","13":"shipping-taxable","14":"purchasable","15":"product-type-variable","16":"has-default-attributes"},"aioseo_notices":[],"_links":{"self":[{"href":"https:\/\/www.zaza-lili.com\/sv\/wp-json\/wp\/v2\/product\/1695","targetHints":{"allow":["GET"]}}],"collection":[{"href":"https:\/\/www.zaza-lili.com\/sv\/wp-json\/wp\/v2\/product"}],"about":[{"href":"https:\/\/www.zaza-lili.com\/sv\/wp-json\/wp\/v2\/types\/product"}],"version-history":[{"count":0,"href":"https:\/\/www.zaza-lili.com\/sv\/wp-json\/wp\/v2\/product\/1695\/revisions"}],"wp:featuredmedia":[{"embeddable":true,"href":"https:\/\/www.zaza-lili.com\/sv\/wp-json\/wp\/v2\/media\/12566"}],"wp:attachment":[{"href":"https:\/\/www.zaza-lili.com\/sv\/wp-json\/wp\/v2\/media?parent=1695"}],"wp:term":[{"taxonomy":"product_brand","embeddable":true,"href":"https:\/\/www.zaza-lili.com\/sv\/wp-json\/wp\/v2\/product_brand?post=1695"},{"taxonomy":"product_cat","embeddable":true,"href":"https:\/\/www.zaza-lili.com\/sv\/wp-json\/wp\/v2\/product_cat?post=1695"},{"taxonomy":"product_tag","embeddable":true,"href":"https:\/\/www.zaza-lili.com\/sv\/wp-json\/wp\/v2\/product_tag?post=1695"}],"curies":[{"name":"wp","href":"https:\/\/api.w.org\/{rel}","templated":true}]}}