{"id":1683,"date":"2025-08-25T09:37:48","date_gmt":"2025-08-25T09:37:48","guid":{"rendered":"https:\/\/www.refonte.zaza-lili.com\/produit\/undula-infinite-ring\/"},"modified":"2026-02-07T16:38:45","modified_gmt":"2026-02-07T16:38:45","slug":"undula-infinite-ring","status":"publish","type":"product","link":"https:\/\/www.zaza-lili.com\/sv\/produkt\/undula-infinite-ring\/","title":{"rendered":"Undula infinite<br> ring"},"content":{"rendered":"<p>Sl\u00e4t, kontinuerlig ring med mjuka kurvor som kombinerar enkelhet och elegans. Justerbar inuti, designad f\u00f6r optimal komfort och daglig anv\u00e4ndning, vilket ger en subtil och sofistikerad touch till handen.<\/p>\n","protected":false},"excerpt":{"rendered":"<p>Sl\u00e4t, kontinuerlig ring med mjuka kurvor som kombinerar enkelhet och elegans. Justerbar inuti, designad f\u00f6r optimal komfort och daglig anv\u00e4ndning, vilket ger en subtil och sofistikerad touch till handen.<\/p>\n","protected":false},"featured_media":12567,"template":"","meta":[],"product_brand":[],"product_cat":[105,65,102,128],"product_tag":[],"class_list":{"0":"post-1683","1":"product","2":"type-product","3":"status-publish","4":"has-post-thumbnail","6":"product_cat-modern-bohemia","7":"product_cat-nyheter","8":"product_cat-ringar","9":"product_cat-undula","11":"first","12":"instock","13":"shipping-taxable","14":"purchasable","15":"product-type-variable","16":"has-default-attributes"},"aioseo_notices":[],"_links":{"self":[{"href":"https:\/\/www.zaza-lili.com\/sv\/wp-json\/wp\/v2\/product\/1683","targetHints":{"allow":["GET"]}}],"collection":[{"href":"https:\/\/www.zaza-lili.com\/sv\/wp-json\/wp\/v2\/product"}],"about":[{"href":"https:\/\/www.zaza-lili.com\/sv\/wp-json\/wp\/v2\/types\/product"}],"version-history":[{"count":0,"href":"https:\/\/www.zaza-lili.com\/sv\/wp-json\/wp\/v2\/product\/1683\/revisions"}],"wp:featuredmedia":[{"embeddable":true,"href":"https:\/\/www.zaza-lili.com\/sv\/wp-json\/wp\/v2\/media\/12567"}],"wp:attachment":[{"href":"https:\/\/www.zaza-lili.com\/sv\/wp-json\/wp\/v2\/media?parent=1683"}],"wp:term":[{"taxonomy":"product_brand","embeddable":true,"href":"https:\/\/www.zaza-lili.com\/sv\/wp-json\/wp\/v2\/product_brand?post=1683"},{"taxonomy":"product_cat","embeddable":true,"href":"https:\/\/www.zaza-lili.com\/sv\/wp-json\/wp\/v2\/product_cat?post=1683"},{"taxonomy":"product_tag","embeddable":true,"href":"https:\/\/www.zaza-lili.com\/sv\/wp-json\/wp\/v2\/product_tag?post=1683"}],"curies":[{"name":"wp","href":"https:\/\/api.w.org\/{rel}","templated":true}]}}