{"id":1670,"date":"2025-09-11T10:52:21","date_gmt":"2025-09-11T10:52:21","guid":{"rendered":"https:\/\/www.refonte.zaza-lili.com\/produit\/tidy-armring\/"},"modified":"2026-02-07T16:39:02","modified_gmt":"2026-02-07T16:39:02","slug":"tidy-armring","status":"publish","type":"product","link":"https:\/\/www.zaza-lili.com\/sv\/produkt\/tidy-armring\/","title":{"rendered":"Tidy <br>armring"},"content":{"rendered":"<p>Detta tunna armband visar en ren och skulptural siluett, f\u00f6rst\u00e4rkt med diskret elegans. Designad f\u00f6r att perfekt matcha varje smycke i TIDY-linjen, och tillf\u00f6r en subtil och sofistikerad touch till alla outfits.<\/p>\n","protected":false},"excerpt":{"rendered":"<p>Detta tunna armband visar en ren och skulptural siluett, f\u00f6rst\u00e4rkt med diskret elegans. Designad f\u00f6r att perfekt matcha varje smycke i TIDY-linjen, och tillf\u00f6r en subtil och sofistikerad touch till alla outfits.<\/p>\n","protected":false},"featured_media":12556,"template":"","meta":[],"product_brand":[],"product_cat":[55,125,91],"product_tag":[],"class_list":{"0":"post-1670","1":"product","2":"type-product","3":"status-publish","4":"has-post-thumbnail","6":"product_cat-armband","7":"product_cat-sparkle-halo","8":"product_cat-tidy","10":"first","11":"instock","12":"shipping-taxable","13":"purchasable","14":"product-type-variable","15":"has-default-attributes"},"aioseo_notices":[],"_links":{"self":[{"href":"https:\/\/www.zaza-lili.com\/sv\/wp-json\/wp\/v2\/product\/1670","targetHints":{"allow":["GET"]}}],"collection":[{"href":"https:\/\/www.zaza-lili.com\/sv\/wp-json\/wp\/v2\/product"}],"about":[{"href":"https:\/\/www.zaza-lili.com\/sv\/wp-json\/wp\/v2\/types\/product"}],"version-history":[{"count":0,"href":"https:\/\/www.zaza-lili.com\/sv\/wp-json\/wp\/v2\/product\/1670\/revisions"}],"wp:featuredmedia":[{"embeddable":true,"href":"https:\/\/www.zaza-lili.com\/sv\/wp-json\/wp\/v2\/media\/12556"}],"wp:attachment":[{"href":"https:\/\/www.zaza-lili.com\/sv\/wp-json\/wp\/v2\/media?parent=1670"}],"wp:term":[{"taxonomy":"product_brand","embeddable":true,"href":"https:\/\/www.zaza-lili.com\/sv\/wp-json\/wp\/v2\/product_brand?post=1670"},{"taxonomy":"product_cat","embeddable":true,"href":"https:\/\/www.zaza-lili.com\/sv\/wp-json\/wp\/v2\/product_cat?post=1670"},{"taxonomy":"product_tag","embeddable":true,"href":"https:\/\/www.zaza-lili.com\/sv\/wp-json\/wp\/v2\/product_tag?post=1670"}],"curies":[{"name":"wp","href":"https:\/\/api.w.org\/{rel}","templated":true}]}}