{"id":1661,"date":"2025-09-11T11:15:24","date_gmt":"2025-09-11T11:15:24","guid":{"rendered":"https:\/\/www.refonte.zaza-lili.com\/produit\/tidy-twin-orhangen\/"},"modified":"2026-02-07T16:39:02","modified_gmt":"2026-02-07T16:39:02","slug":"tidy-twin-orhangen","status":"publish","type":"product","link":"https:\/\/www.zaza-lili.com\/sv\/produkt\/tidy-twin-orhangen\/","title":{"rendered":"tidy twin<br> \u00f6rh\u00e4ngen"},"content":{"rendered":"<p>Dessa \u00f6rh\u00e4ngen framh\u00e4ver tv\u00e5 gnistrande kubiska zirkoner i en design som \u00e4r b\u00e5de ren och uttrycksfull, helt i linje med TIDY-linjens sofistikerade stil. Ett minimalistiskt smycke som subtilt lyser upp alla outfits.<\/p>\n","protected":false},"excerpt":{"rendered":"<p>Dessa \u00f6rh\u00e4ngen framh\u00e4ver tv\u00e5 gnistrande kubiska zirkoner i en design som \u00e4r b\u00e5de ren och uttrycksfull, helt i linje med TIDY-linjens sofistikerade stil. Ett minimalistiskt smycke som subtilt lyser upp alla outfits.<\/p>\n","protected":false},"featured_media":1652,"template":"","meta":[],"product_brand":[],"product_cat":[53,125,91],"product_tag":[],"class_list":{"0":"post-1661","1":"product","2":"type-product","3":"status-publish","4":"has-post-thumbnail","6":"product_cat-orhangen","7":"product_cat-sparkle-halo","8":"product_cat-tidy","10":"first","11":"instock","12":"shipping-taxable","13":"purchasable","14":"product-type-variable"},"aioseo_notices":[],"_links":{"self":[{"href":"https:\/\/www.zaza-lili.com\/sv\/wp-json\/wp\/v2\/product\/1661","targetHints":{"allow":["GET"]}}],"collection":[{"href":"https:\/\/www.zaza-lili.com\/sv\/wp-json\/wp\/v2\/product"}],"about":[{"href":"https:\/\/www.zaza-lili.com\/sv\/wp-json\/wp\/v2\/types\/product"}],"version-history":[{"count":0,"href":"https:\/\/www.zaza-lili.com\/sv\/wp-json\/wp\/v2\/product\/1661\/revisions"}],"wp:featuredmedia":[{"embeddable":true,"href":"https:\/\/www.zaza-lili.com\/sv\/wp-json\/wp\/v2\/media\/1652"}],"wp:attachment":[{"href":"https:\/\/www.zaza-lili.com\/sv\/wp-json\/wp\/v2\/media?parent=1661"}],"wp:term":[{"taxonomy":"product_brand","embeddable":true,"href":"https:\/\/www.zaza-lili.com\/sv\/wp-json\/wp\/v2\/product_brand?post=1661"},{"taxonomy":"product_cat","embeddable":true,"href":"https:\/\/www.zaza-lili.com\/sv\/wp-json\/wp\/v2\/product_cat?post=1661"},{"taxonomy":"product_tag","embeddable":true,"href":"https:\/\/www.zaza-lili.com\/sv\/wp-json\/wp\/v2\/product_tag?post=1661"}],"curies":[{"name":"wp","href":"https:\/\/api.w.org\/{rel}","templated":true}]}}