{"id":1644,"date":"2025-09-11T07:46:04","date_gmt":"2025-09-11T07:46:04","guid":{"rendered":"https:\/\/www.refonte.zaza-lili.com\/produit\/tidy-halsband\/"},"modified":"2026-02-07T16:38:45","modified_gmt":"2026-02-07T16:38:45","slug":"tidy-halsband","status":"publish","type":"product","link":"https:\/\/www.zaza-lili.com\/sv\/produkt\/tidy-halsband\/","title":{"rendered":"Tidy <br> halsband"},"content":{"rendered":"<p>Delikat halsband med ett smalt h\u00e4nge som h\u00e4nger fr\u00e5n en l\u00e4tt kedja, vilket ger en minimalistisk och elegant touch till dina outfits. Perfekt att b\u00e4ra ensamt eller lager-p\u00e5-lager med andra smycken fr\u00e5n TIDY-kollektionen f\u00f6r en personlig stil.<\/p>\n","protected":false},"excerpt":{"rendered":"<p>Delikat halsband med ett smalt h\u00e4nge som h\u00e4nger fr\u00e5n en l\u00e4tt kedja, vilket ger en minimalistisk och elegant touch till dina outfits. Perfekt att b\u00e4ra ensamt eller lager-p\u00e5-lager med andra smycken fr\u00e5n TIDY-kollektionen f\u00f6r en personlig stil.<\/p>\n","protected":false},"featured_media":12511,"template":"","meta":[],"product_brand":[],"product_cat":[77,96,125,91],"product_tag":[],"class_list":{"0":"post-1644","1":"product","2":"type-product","3":"status-publish","4":"has-post-thumbnail","6":"product_cat-favoriter","7":"product_cat-halsband","8":"product_cat-sparkle-halo","9":"product_cat-tidy","11":"first","12":"instock","13":"shipping-taxable","14":"purchasable","15":"product-type-variable"},"aioseo_notices":[],"_links":{"self":[{"href":"https:\/\/www.zaza-lili.com\/sv\/wp-json\/wp\/v2\/product\/1644","targetHints":{"allow":["GET"]}}],"collection":[{"href":"https:\/\/www.zaza-lili.com\/sv\/wp-json\/wp\/v2\/product"}],"about":[{"href":"https:\/\/www.zaza-lili.com\/sv\/wp-json\/wp\/v2\/types\/product"}],"version-history":[{"count":0,"href":"https:\/\/www.zaza-lili.com\/sv\/wp-json\/wp\/v2\/product\/1644\/revisions"}],"wp:featuredmedia":[{"embeddable":true,"href":"https:\/\/www.zaza-lili.com\/sv\/wp-json\/wp\/v2\/media\/12511"}],"wp:attachment":[{"href":"https:\/\/www.zaza-lili.com\/sv\/wp-json\/wp\/v2\/media?parent=1644"}],"wp:term":[{"taxonomy":"product_brand","embeddable":true,"href":"https:\/\/www.zaza-lili.com\/sv\/wp-json\/wp\/v2\/product_brand?post=1644"},{"taxonomy":"product_cat","embeddable":true,"href":"https:\/\/www.zaza-lili.com\/sv\/wp-json\/wp\/v2\/product_cat?post=1644"},{"taxonomy":"product_tag","embeddable":true,"href":"https:\/\/www.zaza-lili.com\/sv\/wp-json\/wp\/v2\/product_tag?post=1644"}],"curies":[{"name":"wp","href":"https:\/\/api.w.org\/{rel}","templated":true}]}}