{"id":1634,"date":"2025-09-11T12:34:34","date_gmt":"2025-09-11T12:34:34","guid":{"rendered":"https:\/\/www.refonte.zaza-lili.com\/produit\/tidy-orhangen\/"},"modified":"2026-02-07T16:38:44","modified_gmt":"2026-02-07T16:38:44","slug":"tidy-orhangen","status":"publish","type":"product","link":"https:\/\/www.zaza-lili.com\/sv\/produkt\/tidy-orhangen\/","title":{"rendered":"TIDY <br> \u00d6RH\u00c4NGEN"},"content":{"rendered":"<p>Dessa minimalistiska \u00f6rh\u00e4ngen med ren design ger ett diskret och elegant intryck, vilket g\u00f6r dem till ett sofistikerat m\u00e5ste i TIDY-linjen. Perfekta f\u00f6r att komplettera dina outfits med stilfull subtilitet.<\/p>\n","protected":false},"excerpt":{"rendered":"<p>Dessa minimalistiska \u00f6rh\u00e4ngen med ren design ger ett diskret och elegant intryck, vilket g\u00f6r dem till ett sofistikerat m\u00e5ste i TIDY-linjen. Perfekta f\u00f6r att komplettera dina outfits med stilfull subtilitet.<\/p>\n","protected":false},"featured_media":1631,"template":"","meta":[],"product_brand":[],"product_cat":[53,125,91],"product_tag":[],"class_list":{"0":"post-1634","1":"product","2":"type-product","3":"status-publish","4":"has-post-thumbnail","6":"product_cat-orhangen","7":"product_cat-sparkle-halo","8":"product_cat-tidy","10":"first","11":"instock","12":"shipping-taxable","13":"purchasable","14":"product-type-variable"},"aioseo_notices":[],"_links":{"self":[{"href":"https:\/\/www.zaza-lili.com\/sv\/wp-json\/wp\/v2\/product\/1634","targetHints":{"allow":["GET"]}}],"collection":[{"href":"https:\/\/www.zaza-lili.com\/sv\/wp-json\/wp\/v2\/product"}],"about":[{"href":"https:\/\/www.zaza-lili.com\/sv\/wp-json\/wp\/v2\/types\/product"}],"version-history":[{"count":0,"href":"https:\/\/www.zaza-lili.com\/sv\/wp-json\/wp\/v2\/product\/1634\/revisions"}],"wp:featuredmedia":[{"embeddable":true,"href":"https:\/\/www.zaza-lili.com\/sv\/wp-json\/wp\/v2\/media\/1631"}],"wp:attachment":[{"href":"https:\/\/www.zaza-lili.com\/sv\/wp-json\/wp\/v2\/media?parent=1634"}],"wp:term":[{"taxonomy":"product_brand","embeddable":true,"href":"https:\/\/www.zaza-lili.com\/sv\/wp-json\/wp\/v2\/product_brand?post=1634"},{"taxonomy":"product_cat","embeddable":true,"href":"https:\/\/www.zaza-lili.com\/sv\/wp-json\/wp\/v2\/product_cat?post=1634"},{"taxonomy":"product_tag","embeddable":true,"href":"https:\/\/www.zaza-lili.com\/sv\/wp-json\/wp\/v2\/product_tag?post=1634"}],"curies":[{"name":"wp","href":"https:\/\/api.w.org\/{rel}","templated":true}]}}