{"id":12980,"date":"2026-02-18T15:32:19","date_gmt":"2026-02-18T15:32:19","guid":{"rendered":"https:\/\/www.refonte.zaza-lili.com\/?post_type=product&#038;p=12980"},"modified":"2026-03-12T08:40:12","modified_gmt":"2026-03-12T08:40:12","slug":"spiritus-halsband","status":"publish","type":"product","link":"https:\/\/www.zaza-lili.com\/sv\/produkt\/spiritus-halsband\/","title":{"rendered":"Spiritus <br> halsband"},"content":{"rendered":"<p>Litet m\u00e5nstenh\u00e4ng p\u00e5 en tunn kedja. Enkelt och delikat, sprider ett mjukt, naturligt sken, perfekt f\u00f6r att f\u00f6rh\u00f6ja din vardagsstil.<\/p>\n","protected":false},"excerpt":{"rendered":"<p>Litet m\u00e5nstenh\u00e4ng p\u00e5 en tunn kedja. Enkelt och delikat, sprider ett mjukt, naturligt sken, perfekt f\u00f6r att f\u00f6rh\u00f6ja din vardagsstil.<\/p>\n","protected":false},"featured_media":12974,"template":"","meta":[],"product_brand":[],"product_cat":[96,65],"product_tag":[],"class_list":{"0":"post-12980","1":"product","2":"type-product","3":"status-publish","4":"has-post-thumbnail","6":"product_cat-halsband","7":"product_cat-nyheter","9":"first","10":"instock","11":"shipping-taxable","12":"purchasable","13":"product-type-variable"},"aioseo_notices":[],"_links":{"self":[{"href":"https:\/\/www.zaza-lili.com\/sv\/wp-json\/wp\/v2\/product\/12980","targetHints":{"allow":["GET"]}}],"collection":[{"href":"https:\/\/www.zaza-lili.com\/sv\/wp-json\/wp\/v2\/product"}],"about":[{"href":"https:\/\/www.zaza-lili.com\/sv\/wp-json\/wp\/v2\/types\/product"}],"version-history":[{"count":0,"href":"https:\/\/www.zaza-lili.com\/sv\/wp-json\/wp\/v2\/product\/12980\/revisions"}],"wp:featuredmedia":[{"embeddable":true,"href":"https:\/\/www.zaza-lili.com\/sv\/wp-json\/wp\/v2\/media\/12974"}],"wp:attachment":[{"href":"https:\/\/www.zaza-lili.com\/sv\/wp-json\/wp\/v2\/media?parent=12980"}],"wp:term":[{"taxonomy":"product_brand","embeddable":true,"href":"https:\/\/www.zaza-lili.com\/sv\/wp-json\/wp\/v2\/product_brand?post=12980"},{"taxonomy":"product_cat","embeddable":true,"href":"https:\/\/www.zaza-lili.com\/sv\/wp-json\/wp\/v2\/product_cat?post=12980"},{"taxonomy":"product_tag","embeddable":true,"href":"https:\/\/www.zaza-lili.com\/sv\/wp-json\/wp\/v2\/product_tag?post=12980"}],"curies":[{"name":"wp","href":"https:\/\/api.w.org\/{rel}","templated":true}]}}