{"id":12940,"date":"2026-02-18T15:21:13","date_gmt":"2026-02-18T15:21:13","guid":{"rendered":"https:\/\/www.refonte.zaza-lili.com\/?post_type=product&#038;p=12940"},"modified":"2026-03-12T11:01:03","modified_gmt":"2026-03-12T11:01:03","slug":"spiritus-ring-2","status":"publish","type":"product","link":"https:\/\/www.zaza-lili.com\/sv\/produkt\/spiritus-ring-2\/","title":{"rendered":"Spiritus <br> \u00f6rh\u00e4ngen"},"content":{"rendered":"<p>L\u00e4tta \u00f6rh\u00e4ngen, var och en prydd med en unik m\u00e5nsten. Minimalistiska och eleganta, de sprider ett mjukt, naturligt sken, perfekt f\u00f6r en subtil och sofistikerad vardagsstil.<\/p>\n","protected":false},"excerpt":{"rendered":"<p>L\u00e4tta \u00f6rh\u00e4ngen, var och en prydd med en unik m\u00e5nsten. Minimalistiska och eleganta, de sprider ett mjukt, naturligt sken, perfekt f\u00f6r en subtil och sofistikerad vardagsstil.<\/p>\n","protected":false},"featured_media":12933,"template":"","meta":[],"product_brand":[],"product_cat":[65,53],"product_tag":[],"class_list":{"0":"post-12940","1":"product","2":"type-product","3":"status-publish","4":"has-post-thumbnail","6":"product_cat-nyheter","7":"product_cat-orhangen","9":"first","10":"instock","11":"shipping-taxable","12":"purchasable","13":"product-type-variable","14":"has-default-attributes"},"aioseo_notices":[],"_links":{"self":[{"href":"https:\/\/www.zaza-lili.com\/sv\/wp-json\/wp\/v2\/product\/12940","targetHints":{"allow":["GET"]}}],"collection":[{"href":"https:\/\/www.zaza-lili.com\/sv\/wp-json\/wp\/v2\/product"}],"about":[{"href":"https:\/\/www.zaza-lili.com\/sv\/wp-json\/wp\/v2\/types\/product"}],"version-history":[{"count":0,"href":"https:\/\/www.zaza-lili.com\/sv\/wp-json\/wp\/v2\/product\/12940\/revisions"}],"wp:featuredmedia":[{"embeddable":true,"href":"https:\/\/www.zaza-lili.com\/sv\/wp-json\/wp\/v2\/media\/12933"}],"wp:attachment":[{"href":"https:\/\/www.zaza-lili.com\/sv\/wp-json\/wp\/v2\/media?parent=12940"}],"wp:term":[{"taxonomy":"product_brand","embeddable":true,"href":"https:\/\/www.zaza-lili.com\/sv\/wp-json\/wp\/v2\/product_brand?post=12940"},{"taxonomy":"product_cat","embeddable":true,"href":"https:\/\/www.zaza-lili.com\/sv\/wp-json\/wp\/v2\/product_cat?post=12940"},{"taxonomy":"product_tag","embeddable":true,"href":"https:\/\/www.zaza-lili.com\/sv\/wp-json\/wp\/v2\/product_tag?post=12940"}],"curies":[{"name":"wp","href":"https:\/\/api.w.org\/{rel}","templated":true}]}}