{"id":12894,"date":"2026-02-18T14:43:19","date_gmt":"2026-02-18T14:43:19","guid":{"rendered":"https:\/\/www.refonte.zaza-lili.com\/?post_type=product&#038;p=12894"},"modified":"2026-03-11T20:51:01","modified_gmt":"2026-03-11T20:51:01","slug":"spiritus-ring","status":"publish","type":"product","link":"https:\/\/www.zaza-lili.com\/sv\/produkt\/spiritus-ring\/","title":{"rendered":"Spiritus <br> ring"},"content":{"rendered":"<p>Fin, justerbar ring prydd med en sl\u00e4t, mj\u00f6lkaktig m\u00e5nsten. Mjuk och feminin, ger en subtil ljus touch och \u00e4r perfekt f\u00f6r vardagsbruk.<\/p>\n","protected":false},"excerpt":{"rendered":"<p>Fin, justerbar ring prydd med en sl\u00e4t, mj\u00f6lkaktig m\u00e5nsten. Mjuk och feminin, ger en subtil ljus touch och \u00e4r perfekt f\u00f6r vardagsbruk.<\/p>\n","protected":false},"featured_media":12888,"template":"","meta":[],"product_brand":[],"product_cat":[65,102],"product_tag":[],"class_list":{"0":"post-12894","1":"product","2":"type-product","3":"status-publish","4":"has-post-thumbnail","6":"product_cat-nyheter","7":"product_cat-ringar","9":"first","10":"instock","11":"shipping-taxable","12":"purchasable","13":"product-type-variable","14":"has-default-attributes"},"aioseo_notices":[],"_links":{"self":[{"href":"https:\/\/www.zaza-lili.com\/sv\/wp-json\/wp\/v2\/product\/12894","targetHints":{"allow":["GET"]}}],"collection":[{"href":"https:\/\/www.zaza-lili.com\/sv\/wp-json\/wp\/v2\/product"}],"about":[{"href":"https:\/\/www.zaza-lili.com\/sv\/wp-json\/wp\/v2\/types\/product"}],"version-history":[{"count":0,"href":"https:\/\/www.zaza-lili.com\/sv\/wp-json\/wp\/v2\/product\/12894\/revisions"}],"wp:featuredmedia":[{"embeddable":true,"href":"https:\/\/www.zaza-lili.com\/sv\/wp-json\/wp\/v2\/media\/12888"}],"wp:attachment":[{"href":"https:\/\/www.zaza-lili.com\/sv\/wp-json\/wp\/v2\/media?parent=12894"}],"wp:term":[{"taxonomy":"product_brand","embeddable":true,"href":"https:\/\/www.zaza-lili.com\/sv\/wp-json\/wp\/v2\/product_brand?post=12894"},{"taxonomy":"product_cat","embeddable":true,"href":"https:\/\/www.zaza-lili.com\/sv\/wp-json\/wp\/v2\/product_cat?post=12894"},{"taxonomy":"product_tag","embeddable":true,"href":"https:\/\/www.zaza-lili.com\/sv\/wp-json\/wp\/v2\/product_tag?post=12894"}],"curies":[{"name":"wp","href":"https:\/\/api.w.org\/{rel}","templated":true}]}}