{"id":5963,"date":"2026-01-29T10:13:43","date_gmt":"2026-01-29T10:13:43","guid":{"rendered":"https:\/\/www.refonte.zaza-lili.com\/kontakt\/"},"modified":"2026-01-29T11:19:56","modified_gmt":"2026-01-29T11:19:56","slug":"kontakt","status":"publish","type":"page","link":"https:\/\/www.zaza-lili.com\/sv\/kontakt\/","title":{"rendered":"KONTAKT"},"content":{"rendered":"\n<p>Vill du kontakta v\u00e5rt s\u00e4ljteam? Tveka inte att anv\u00e4nda detta formul\u00e4r.<\/p>\n","protected":false},"excerpt":{"rendered":"<p>Vill du kontakta v\u00e5rt s\u00e4ljteam? Tveka inte att anv\u00e4nda detta formul\u00e4r.<\/p>\n","protected":false},"author":1,"featured_media":0,"parent":0,"menu_order":0,"comment_status":"closed","ping_status":"closed","template":"","meta":{"footnotes":""},"class_list":["post-5963","page","type-page","status-publish","hentry"],"aioseo_notices":[],"_links":{"self":[{"href":"https:\/\/www.zaza-lili.com\/sv\/wp-json\/wp\/v2\/pages\/5963","targetHints":{"allow":["GET"]}}],"collection":[{"href":"https:\/\/www.zaza-lili.com\/sv\/wp-json\/wp\/v2\/pages"}],"about":[{"href":"https:\/\/www.zaza-lili.com\/sv\/wp-json\/wp\/v2\/types\/page"}],"author":[{"embeddable":true,"href":"https:\/\/www.zaza-lili.com\/sv\/wp-json\/wp\/v2\/users\/1"}],"replies":[{"embeddable":true,"href":"https:\/\/www.zaza-lili.com\/sv\/wp-json\/wp\/v2\/comments?post=5963"}],"version-history":[{"count":0,"href":"https:\/\/www.zaza-lili.com\/sv\/wp-json\/wp\/v2\/pages\/5963\/revisions"}],"wp:attachment":[{"href":"https:\/\/www.zaza-lili.com\/sv\/wp-json\/wp\/v2\/media?parent=5963"}],"curies":[{"name":"wp","href":"https:\/\/api.w.org\/{rel}","templated":true}]}}