{"id":5804,"date":"2026-01-26T12:13:25","date_gmt":"2026-01-26T12:13:25","guid":{"rendered":"https:\/\/www.refonte.zaza-lili.com\/?page_id=5804"},"modified":"2026-01-26T12:17:57","modified_gmt":"2026-01-26T12:17:57","slug":"juridisk-information-rattslig-information","status":"publish","type":"page","link":"https:\/\/www.zaza-lili.com\/sv\/juridisk-information-rattslig-information\/","title":{"rendered":"Juridisk information R\u00e4ttslig information"},"content":{"rendered":"\n<h1 class=\"wp-block-heading\"><strong>Juridisk information \/ R\u00e4ttslig information<\/strong><\/h1>\n\n\n\n<p><strong>Zelli of Sweden AB<\/strong><br>Sveav\u00e4gen 13<br>544 32 Hjo<br>Sverige<\/p>\n\n\n\n<p>Registrerat i V\u00e4stra G\u00f6talands l\u00e4n, Sk\u00f6vde kommun, med organisationsnummer <strong>559040-2888<\/strong><br>Aktiekapital: <strong>50 000 SEK<\/strong><\/p>\n\n\n\n<p>F\u00f6retr\u00e4ds av verkst\u00e4llande direkt\u00f6r <strong>Madeleine Jarl<\/strong>, i denna egenskap med s\u00e4te p\u00e5 bolagets registrerade adress.<\/p>\n\n\n\n<p><strong>Kontaktperson:<\/strong> Madeleine Jarl<br><strong>Telefon:<\/strong> +46760066905<br><strong>E-post:<\/strong> contact@zelliofsweden.com<\/p>\n\n\n\n<p><strong>Momsregistreringsnummer (EU VAT):<\/strong> SE559040288801<\/p>\n\n\n\n<p>Denna webbplats ges ut av <strong>Madeleine Jarl<\/strong>, med adress Sveav\u00e4gen 13, 544 32 Hjo, Sverige, som \u00e4ven \u00e4r <strong>ansvarig utgivare<\/strong>.<\/p>\n\n\n\n<p>Webbplatsen \u00e4r hostad av:<br><strong>o2switch<\/strong><br>Chemin des Pardiaux<br>63000 Clermont-Ferrand<br>Frankrike<br>Telefon: +33 4 44 44 60 40<br>SIRET: 510 909 80700032<\/p>\n\n\n\n<p><strong>Konsumentmedlingsorgan som Zelli of Sweden AB omfattas av:<\/strong><\/p>\n\n\n\n<p>M\u00e9diation de la Consommation &amp; Patrimoine (MCP)<br>F\u00f6rening eller medlingsorganisation<br>Webbplats: <a href=\"http:\/\/www.mcpmediation.org\">http:\/\/www.mcpmediation.org<br><\/a>12 Square Desnouettes<br>75015 Paris<br>Frankrike<br>Telefon: +33 1 40 61 03 33<\/p>\n","protected":false},"excerpt":{"rendered":"<p>Juridisk information \/ R\u00e4ttslig information Zelli of Sweden ABSveav\u00e4gen 13544 32 HjoSverige Registrerat i V\u00e4stra G\u00f6talands l\u00e4n, Sk\u00f6vde kommun, med organisationsnummer 559040-2888Aktiekapital: 50 000 SEK F\u00f6retr\u00e4ds av verkst\u00e4llande direkt\u00f6r Madeleine Jarl, i denna egenskap med s\u00e4te p\u00e5 bolagets registrerade adress. Kontaktperson: Madeleine JarlTelefon: +46760066905E-post: contact@zelliofsweden.com Momsregistreringsnummer (EU VAT): SE559040288801 Denna webbplats ges ut av Madeleine [&hellip;]<\/p>\n","protected":false},"author":1,"featured_media":0,"parent":0,"menu_order":0,"comment_status":"closed","ping_status":"closed","template":"","meta":{"footnotes":""},"class_list":["post-5804","page","type-page","status-publish","hentry"],"aioseo_notices":[],"_links":{"self":[{"href":"https:\/\/www.zaza-lili.com\/sv\/wp-json\/wp\/v2\/pages\/5804","targetHints":{"allow":["GET"]}}],"collection":[{"href":"https:\/\/www.zaza-lili.com\/sv\/wp-json\/wp\/v2\/pages"}],"about":[{"href":"https:\/\/www.zaza-lili.com\/sv\/wp-json\/wp\/v2\/types\/page"}],"author":[{"embeddable":true,"href":"https:\/\/www.zaza-lili.com\/sv\/wp-json\/wp\/v2\/users\/1"}],"replies":[{"embeddable":true,"href":"https:\/\/www.zaza-lili.com\/sv\/wp-json\/wp\/v2\/comments?post=5804"}],"version-history":[{"count":0,"href":"https:\/\/www.zaza-lili.com\/sv\/wp-json\/wp\/v2\/pages\/5804\/revisions"}],"wp:attachment":[{"href":"https:\/\/www.zaza-lili.com\/sv\/wp-json\/wp\/v2\/media?parent=5804"}],"curies":[{"name":"wp","href":"https:\/\/api.w.org\/{rel}","templated":true}]}}