{"id":4935,"date":"2025-08-27T07:40:02","date_gmt":"2025-08-27T07:40:02","guid":{"rendered":"https:\/\/www.refonte.zaza-lili.com\/var-engagemang\/"},"modified":"2026-02-05T18:22:34","modified_gmt":"2026-02-05T18:22:34","slug":"var-engagemang","status":"publish","type":"page","link":"https:\/\/www.zaza-lili.com\/sv\/var-engagemang\/","title":{"rendered":"V\u00e5rt engagemang"},"content":{"rendered":"\n<p>Hos ZAZA&amp;LILI stannar sk\u00f6nheten inte vid smycket. Den forts\u00e4tter i v\u00e5ra handlingar, v\u00e5ra val och de band vi skapar varje dag med dem som deltar i detta \u00e4ventyr. V\u00e5rt engagemang \u00e4r enkelt: att skapa med medvetenhet, omsorg och hj\u00e4rta.<\/p>\n\n<p><\/p>\n","protected":false},"excerpt":{"rendered":"<p>Hos ZAZA&amp;LILI stannar sk\u00f6nheten inte vid smycket. Den forts\u00e4tter i v\u00e5ra handlingar, v\u00e5ra val och de band vi skapar varje dag med dem som deltar i detta \u00e4ventyr. V\u00e5rt engagemang \u00e4r enkelt: att skapa med medvetenhet, omsorg och hj\u00e4rta.<\/p>\n","protected":false},"author":1,"featured_media":4934,"parent":0,"menu_order":0,"comment_status":"closed","ping_status":"closed","template":"","meta":{"footnotes":""},"class_list":["post-4935","page","type-page","status-publish","has-post-thumbnail","hentry"],"aioseo_notices":[],"_links":{"self":[{"href":"https:\/\/www.zaza-lili.com\/sv\/wp-json\/wp\/v2\/pages\/4935","targetHints":{"allow":["GET"]}}],"collection":[{"href":"https:\/\/www.zaza-lili.com\/sv\/wp-json\/wp\/v2\/pages"}],"about":[{"href":"https:\/\/www.zaza-lili.com\/sv\/wp-json\/wp\/v2\/types\/page"}],"author":[{"embeddable":true,"href":"https:\/\/www.zaza-lili.com\/sv\/wp-json\/wp\/v2\/users\/1"}],"replies":[{"embeddable":true,"href":"https:\/\/www.zaza-lili.com\/sv\/wp-json\/wp\/v2\/comments?post=4935"}],"version-history":[{"count":0,"href":"https:\/\/www.zaza-lili.com\/sv\/wp-json\/wp\/v2\/pages\/4935\/revisions"}],"wp:featuredmedia":[{"embeddable":true,"href":"https:\/\/www.zaza-lili.com\/sv\/wp-json\/wp\/v2\/media\/4934"}],"wp:attachment":[{"href":"https:\/\/www.zaza-lili.com\/sv\/wp-json\/wp\/v2\/media?parent=4935"}],"curies":[{"name":"wp","href":"https:\/\/api.w.org\/{rel}","templated":true}]}}