{"id":1762,"date":"2025-09-03T12:58:41","date_gmt":"2025-09-03T12:58:41","guid":{"rendered":"https:\/\/www.refonte.zaza-lili.com\/kvalitet\/"},"modified":"2026-02-23T17:23:23","modified_gmt":"2026-02-23T17:23:23","slug":"kvalitet","status":"publish","type":"page","link":"https:\/\/www.zaza-lili.com\/sv\/kvalitet\/","title":{"rendered":"Kvalitet"},"content":{"rendered":"\n<p>Hos ZAZA&amp;LILI \u00e4r varje smycke designat f\u00f6r att f\u00f6rena estetik, komfort och h\u00e5llbarhet.\n<\/p>\n\n<p>V\u00e5r silverkollektion \u00e4r tillverkad i 925-silver, k\u00e4nt f\u00f6r sin kvalitet och renhet. F\u00f6r att framh\u00e4va dess lyster och bevara glansen \u00f6ver tid applicerar vi dessutom ett tunt lager 100 % rent silver ovanp\u00e5.<\/p>\n\n<p>V\u00e5ra modesmycken tillverkas i h\u00f6gkvalitativ m\u00e4ssing och f\u00f6r\u00e4dlas med pl\u00e4tering i rhodium, guld, ros\u00e9guld eller brons, beroende p\u00e5 modell. F\u00f6r vissa smycken anv\u00e4nds en elektropl\u00e4teringsprocess som ger en noggrant utf\u00f6rd, h\u00e5llbar och slitstark yta.<\/p>\n\n<p>Vi v\u00e4ljer noggrant stenar som kubiska zirkoner och kristaller f\u00f6r att ge v\u00e5ra skapelser b\u00e5de glans och finess <\/p>\n\n<p>Alla v\u00e5ra smycken \u00e4r fria fr\u00e5n nickel, bly och kadmium, f\u00f6r att passa \u00e4ven den mest k\u00e4nsliga huden.<\/p>\n\n<p>Eftersom vi tror p\u00e5 kvaliteten i det vi skapar omfattas varje smycke av 24 m\u00e5naders internationell garanti.<\/p>\n\n<h2 class=\"wp-block-heading\">Sk\u00f6tselr\u00e5d<\/h2>\n\n<p>F\u00f6r att bevara glansen p\u00e5 dina ZAZA&amp;LILI-smycken r\u00e4cker n\u00e5gra enkla vanor.<\/p>\n\n<p class=\"has-text-align-left\">Ta av dem innan du tv\u00e4ttar h\u00e4nderna, duschar eller tr\u00e4nar.\nVatten, lotioner, parfym och andra kosmetika produkter kan p\u00e5verka ytan, s\u00e5 applicera dem g\u00e4rna innan du s\u00e4tter p\u00e5 smyckena, f\u00f6r att f\u00f6rl\u00e4nga deras sk\u00f6nhet.\n<\/p>\n\n<p class=\"has-text-align-left\"><p style=\"font-weight: 400;\">N\u00e4r du inte b\u00e4r smyckena, f\u00f6rvara dem skyddade fr\u00e5n ljus och fukt, p\u00e5 en torr plats.<\/p><br\/><p style=\"font-weight: 400;\">F\u00f6r reng\u00f6ring r\u00e4cker en mjuk trasa. Gnugga f\u00f6rsiktigt f\u00f6r att \u00e5terge smyckena deras fulla lyster.<\/p><\/p>\n\n<p><\/p>\n","protected":false},"excerpt":{"rendered":"<p>Hos ZAZA&amp;LILI \u00e4r varje smycke designat f\u00f6r att f\u00f6rena estetik, komfort och h\u00e5llbarhet. V\u00e5r silverkollektion \u00e4r tillverkad i 925-silver, k\u00e4nt f\u00f6r sin kvalitet och renhet. F\u00f6r att framh\u00e4va dess lyster och bevara glansen \u00f6ver tid applicerar vi dessutom ett tunt lager 100 % rent silver ovanp\u00e5. V\u00e5ra modesmycken tillverkas i h\u00f6gkvalitativ m\u00e4ssing och f\u00f6r\u00e4dlas med [&hellip;]<\/p>\n","protected":false},"author":1,"featured_media":1761,"parent":0,"menu_order":0,"comment_status":"closed","ping_status":"closed","template":"","meta":{"footnotes":""},"class_list":["post-1762","page","type-page","status-publish","has-post-thumbnail","hentry"],"aioseo_notices":[],"_links":{"self":[{"href":"https:\/\/www.zaza-lili.com\/sv\/wp-json\/wp\/v2\/pages\/1762","targetHints":{"allow":["GET"]}}],"collection":[{"href":"https:\/\/www.zaza-lili.com\/sv\/wp-json\/wp\/v2\/pages"}],"about":[{"href":"https:\/\/www.zaza-lili.com\/sv\/wp-json\/wp\/v2\/types\/page"}],"author":[{"embeddable":true,"href":"https:\/\/www.zaza-lili.com\/sv\/wp-json\/wp\/v2\/users\/1"}],"replies":[{"embeddable":true,"href":"https:\/\/www.zaza-lili.com\/sv\/wp-json\/wp\/v2\/comments?post=1762"}],"version-history":[{"count":0,"href":"https:\/\/www.zaza-lili.com\/sv\/wp-json\/wp\/v2\/pages\/1762\/revisions"}],"wp:featuredmedia":[{"embeddable":true,"href":"https:\/\/www.zaza-lili.com\/sv\/wp-json\/wp\/v2\/media\/1761"}],"wp:attachment":[{"href":"https:\/\/www.zaza-lili.com\/sv\/wp-json\/wp\/v2\/media?parent=1762"}],"curies":[{"name":"wp","href":"https:\/\/api.w.org\/{rel}","templated":true}]}}