{"id":1752,"date":"2025-08-26T16:32:15","date_gmt":"2025-08-26T16:32:15","guid":{"rendered":"https:\/\/www.refonte.zaza-lili.com\/vara-varden\/"},"modified":"2026-03-24T15:30:19","modified_gmt":"2026-03-24T15:30:19","slug":"vara-varden","status":"publish","type":"page","link":"https:\/\/www.zaza-lili.com\/sv\/vara-varden\/","title":{"rendered":"V\u00e5ra v\u00e4rderingar"},"content":{"rendered":"\n<p>Hos ZAZA&amp;LILI b\u00e4r varje smycke p\u00e5 mer \u00e4n form och stil \u2013 det b\u00e4r p\u00e5 en tanke.&#13;\nEn syn p\u00e5 sk\u00f6nhet som \u00e4r fri, \u00e4kta och personlig, och som tar form i detaljer, i gesten och i k\u00e4nslan.V\u00e5ra smycken \u00e4r skapade f\u00f6r att f\u00f6lja med kvinnor, utan att f\u00f6r\u00e4ndra dem, utan f\u00f6r att lyfta fram det som redan finns: deras unika ljus, deras personliga glans och deras mjuka styrka.&#13;\nV\u00e5r filosofi vilar p\u00e5 dessa v\u00e4rderingar.&#13;\n<\/p>\n","protected":false},"excerpt":{"rendered":"<p>Hos ZAZA&amp;LILI b\u00e4r varje smycke p\u00e5 mer \u00e4n form och stil \u2013 det b\u00e4r p\u00e5 en tanke.&#13; En syn p\u00e5 sk\u00f6nhet som \u00e4r fri, \u00e4kta och personlig, och som tar form i detaljer, i gesten och i k\u00e4nslan.V\u00e5ra smycken \u00e4r skapade f\u00f6r att f\u00f6lja med kvinnor, utan att f\u00f6r\u00e4ndra dem, utan f\u00f6r att lyfta fram [&hellip;]<\/p>\n","protected":false},"author":1,"featured_media":1751,"parent":0,"menu_order":0,"comment_status":"closed","ping_status":"closed","template":"","meta":{"footnotes":""},"class_list":["post-1752","page","type-page","status-publish","has-post-thumbnail","hentry"],"aioseo_notices":[],"_links":{"self":[{"href":"https:\/\/www.zaza-lili.com\/sv\/wp-json\/wp\/v2\/pages\/1752","targetHints":{"allow":["GET"]}}],"collection":[{"href":"https:\/\/www.zaza-lili.com\/sv\/wp-json\/wp\/v2\/pages"}],"about":[{"href":"https:\/\/www.zaza-lili.com\/sv\/wp-json\/wp\/v2\/types\/page"}],"author":[{"embeddable":true,"href":"https:\/\/www.zaza-lili.com\/sv\/wp-json\/wp\/v2\/users\/1"}],"replies":[{"embeddable":true,"href":"https:\/\/www.zaza-lili.com\/sv\/wp-json\/wp\/v2\/comments?post=1752"}],"version-history":[{"count":0,"href":"https:\/\/www.zaza-lili.com\/sv\/wp-json\/wp\/v2\/pages\/1752\/revisions"}],"wp:featuredmedia":[{"embeddable":true,"href":"https:\/\/www.zaza-lili.com\/sv\/wp-json\/wp\/v2\/media\/1751"}],"wp:attachment":[{"href":"https:\/\/www.zaza-lili.com\/sv\/wp-json\/wp\/v2\/media?parent=1752"}],"curies":[{"name":"wp","href":"https:\/\/api.w.org\/{rel}","templated":true}]}}