{"id":15748,"date":"2025-09-16T12:55:43","date_gmt":"2025-09-16T12:55:43","guid":{"rendered":"https:\/\/www.zaza-lili.com\/var-du-hittar-oss\/"},"modified":"2026-04-13T09:42:51","modified_gmt":"2026-04-13T09:42:51","slug":"var-du-hittar-oss","status":"publish","type":"page","link":"https:\/\/www.zaza-lili.com\/sv\/var-du-hittar-oss\/","title":{"rendered":"Var du hittar oss"},"content":{"rendered":"\n<p>I \u00f6ver 10 \u00e5r har ZAZA&amp;LILI f\u00f6ljt resen\u00e4rer v\u00e4rlden \u00f6ver.<\/p>\n\n<p>Med en stark n\u00e4rvaro inom travel retail finns v\u00e5ra smycken idag ombord p\u00e5 flera internationella flygbolag. Genom \u00e5ren har \u00e4ven m\u00e5nga andra flygbolag valt att erbjuda v\u00e5ra kollektioner till sina passagerare \u2013 ett fint bevis p\u00e5 f\u00f6rtroendet f\u00f6r v\u00e5rt varum\u00e4rke.<\/p>\n\n<p>Vi skapar minimalistiska, stilrena och feminina smycken, designade f\u00f6r att f\u00f6lja med p\u00e5 varje resa \u2013 l\u00e4tta att ta med, b\u00e4ra och ge bort, \u00e4ven p\u00e5 10 000 meters h\u00f6jd.<\/p>\n\n<p>Idag forts\u00e4tter ZAZA&amp;LILI sin resa genom att g\u00f6ra sina kollektioner tillg\u00e4ngliga f\u00f6r alla, oavsett var man befinner sig. Via v\u00e5r webbshop kan du enkelt uppt\u00e4cka och best\u00e4lla dina favoriter, var du \u00e4n \u00e4r<\/p>\n\n<p><\/p>\n\n<p><\/p>\n\n<p class=\"has-small-font-size\"><em>Tidningsomslag och logotyper tillh\u00f6r deras utgivare och anv\u00e4nds endast i informationssyfte f\u00f6r att visa v\u00e5ra kreationer ombord, utan godk\u00e4nnande eller partnerskap.<\/em><\/p>\n\n<p><\/p>\n","protected":false},"excerpt":{"rendered":"<p>I \u00f6ver 10 \u00e5r har ZAZA&amp;LILI f\u00f6ljt resen\u00e4rer v\u00e4rlden \u00f6ver. Med en stark n\u00e4rvaro inom travel retail finns v\u00e5ra smycken idag ombord p\u00e5 flera internationella flygbolag. Genom \u00e5ren har \u00e4ven m\u00e5nga andra flygbolag valt att erbjuda v\u00e5ra kollektioner till sina passagerare \u2013 ett fint bevis p\u00e5 f\u00f6rtroendet f\u00f6r v\u00e5rt varum\u00e4rke. Vi skapar minimalistiska, stilrena och [&hellip;]<\/p>\n","protected":false},"author":1,"featured_media":1750,"parent":0,"menu_order":0,"comment_status":"closed","ping_status":"closed","template":"","meta":{"footnotes":""},"class_list":["post-15748","page","type-page","status-publish","has-post-thumbnail","hentry"],"aioseo_notices":[],"_links":{"self":[{"href":"https:\/\/www.zaza-lili.com\/sv\/wp-json\/wp\/v2\/pages\/15748","targetHints":{"allow":["GET"]}}],"collection":[{"href":"https:\/\/www.zaza-lili.com\/sv\/wp-json\/wp\/v2\/pages"}],"about":[{"href":"https:\/\/www.zaza-lili.com\/sv\/wp-json\/wp\/v2\/types\/page"}],"author":[{"embeddable":true,"href":"https:\/\/www.zaza-lili.com\/sv\/wp-json\/wp\/v2\/users\/1"}],"replies":[{"embeddable":true,"href":"https:\/\/www.zaza-lili.com\/sv\/wp-json\/wp\/v2\/comments?post=15748"}],"version-history":[{"count":0,"href":"https:\/\/www.zaza-lili.com\/sv\/wp-json\/wp\/v2\/pages\/15748\/revisions"}],"wp:featuredmedia":[{"embeddable":true,"href":"https:\/\/www.zaza-lili.com\/sv\/wp-json\/wp\/v2\/media\/1750"}],"wp:attachment":[{"href":"https:\/\/www.zaza-lili.com\/sv\/wp-json\/wp\/v2\/media?parent=15748"}],"curies":[{"name":"wp","href":"https:\/\/api.w.org\/{rel}","templated":true}]}}