{"id":12410,"date":"2025-08-22T10:32:47","date_gmt":"2025-08-22T10:32:47","guid":{"rendered":"https:\/\/www.refonte.zaza-lili.com\/var-historia\/"},"modified":"2026-02-24T15:30:40","modified_gmt":"2026-02-24T15:30:40","slug":"var-historia","status":"publish","type":"page","link":"https:\/\/www.zaza-lili.com\/sv\/var-historia\/","title":{"rendered":"V\u00e5r historia"},"content":{"rendered":"\n<p>ZAZA&amp;LILI \u00e4r framf\u00f6r allt en familjehistoria. Historien om Madeleine, v\u00e5r grundare, en fri, nyfiken och reslysten kvinna. Och historien om hennes tv\u00e5 d\u00f6ttrar, Kenza och Ellin, tvillingsystrar och sj\u00e4lsfr\u00e4nder, som inspirerade till m\u00e4rkets f\u00f6delse. Tillsammans f\u00f6rkroppsligar de en m\u00e5ngfacetterad, modern och instinktiv kvinnlighet \u2014 byggd p\u00e5 band, kontraster och mjukhet.\n<\/p>\n","protected":false},"excerpt":{"rendered":"<p>ZAZA&amp;LILI \u00e4r framf\u00f6r allt en familjehistoria. Historien om Madeleine, v\u00e5r grundare, en fri, nyfiken och reslysten kvinna. Och historien om hennes tv\u00e5 d\u00f6ttrar, Kenza och Ellin, tvillingsystrar och sj\u00e4lsfr\u00e4nder, som inspirerade till m\u00e4rkets f\u00f6delse. Tillsammans f\u00f6rkroppsligar de en m\u00e5ngfacetterad, modern och instinktiv kvinnlighet \u2014 byggd p\u00e5 band, kontraster och mjukhet.<\/p>\n","protected":false},"author":1,"featured_media":12389,"parent":0,"menu_order":0,"comment_status":"closed","ping_status":"closed","template":"","meta":{"footnotes":""},"class_list":["post-12410","page","type-page","status-publish","has-post-thumbnail","hentry"],"aioseo_notices":[],"_links":{"self":[{"href":"https:\/\/www.zaza-lili.com\/sv\/wp-json\/wp\/v2\/pages\/12410","targetHints":{"allow":["GET"]}}],"collection":[{"href":"https:\/\/www.zaza-lili.com\/sv\/wp-json\/wp\/v2\/pages"}],"about":[{"href":"https:\/\/www.zaza-lili.com\/sv\/wp-json\/wp\/v2\/types\/page"}],"author":[{"embeddable":true,"href":"https:\/\/www.zaza-lili.com\/sv\/wp-json\/wp\/v2\/users\/1"}],"replies":[{"embeddable":true,"href":"https:\/\/www.zaza-lili.com\/sv\/wp-json\/wp\/v2\/comments?post=12410"}],"version-history":[{"count":0,"href":"https:\/\/www.zaza-lili.com\/sv\/wp-json\/wp\/v2\/pages\/12410\/revisions"}],"wp:featuredmedia":[{"embeddable":true,"href":"https:\/\/www.zaza-lili.com\/sv\/wp-json\/wp\/v2\/media\/12389"}],"wp:attachment":[{"href":"https:\/\/www.zaza-lili.com\/sv\/wp-json\/wp\/v2\/media?parent=12410"}],"curies":[{"name":"wp","href":"https:\/\/api.w.org\/{rel}","templated":true}]}}