{"id":5802,"date":"2026-01-26T12:13:25","date_gmt":"2026-01-26T12:13:25","guid":{"rendered":"https:\/\/www.refonte.zaza-lili.com\/?page_id=5802"},"modified":"2026-01-26T12:16:03","modified_gmt":"2026-01-26T12:16:03","slug":"legal-notice","status":"publish","type":"page","link":"https:\/\/www.zaza-lili.com\/en\/legal-notice\/","title":{"rendered":"Legal Notice"},"content":{"rendered":"\n<h1 class=\"wp-block-heading\"><strong>Legal Notice<\/strong><\/h1>\n\n\n\n<p><strong>Zelli of Sweden AB<\/strong><br>Sveav\u00e4gen 13<br>544 32 Hjo<br>Sweden<\/p>\n\n\n\n<p>Registered with the V\u00e4stra G\u00f6taland County, Sk\u00f6vde Municipality under registration number <strong>559040-2888<\/strong><br>Share capital: <strong>SEK 50,000<\/strong><\/p>\n\n\n\n<p>Represented by its Managing Director, <strong>Ms. Madeleine Jarl<\/strong>, acting in this capacity and domiciled at the company\u2019s registered office.<\/p>\n\n\n\n<p><strong>Contact person:<\/strong> Madeleine Jarl<br><strong>Telephone:<\/strong> +46 760 066 905<br><strong>Email:<\/strong> contact@zelliofsweden.com<\/p>\n\n\n\n<p><strong>EU VAT number:<\/strong> SE559040288801<\/p>\n\n\n\n<p>This website is published by <strong>Ms. Madeleine Jarl<\/strong>, domiciled at Sveav\u00e4gen 13, 544 32 Hjo, Sweden, who also acts as the <strong>Publication Director<\/strong>.<\/p>\n\n\n\n<p>The website is hosted by:<br><strong>o2switch<\/strong><br>Chemin des Pardiaux<br>63000 Clermont-Ferrand<br>France<br>Tel: +33 4 44 44 60 40<br>SIRET: 510 909 80700032<\/p>\n\n\n\n<p><strong>Consumer mediation body applicable to Zelli of Sweden AB:<\/strong><\/p>\n\n\n\n<p>M\u00e9diation de la Consommation &amp; Patrimoine (MCP)<br>Association or mediation company<br>Website: <a href=\"http:\/\/www.mcpmediation.org\">http:\/\/www.mcpmediation.org<br><\/a>12 Square Desnouettes<br>75015 Paris<br>France<br>Tel: +33 1 40 61 03 33<\/p>\n","protected":false},"excerpt":{"rendered":"<p>Legal Notice Zelli of Sweden ABSveav\u00e4gen 13544 32 HjoSweden Registered with the V\u00e4stra G\u00f6taland County, Sk\u00f6vde Municipality under registration number 559040-2888Share capital: SEK 50,000 Represented by its Managing Director, Ms. Madeleine Jarl, acting in this capacity and domiciled at the company\u2019s registered office. Contact person: Madeleine JarlTelephone: +46 760 066 905Email: contact@zelliofsweden.com EU VAT number: [&hellip;]<\/p>\n","protected":false},"author":1,"featured_media":0,"parent":0,"menu_order":0,"comment_status":"closed","ping_status":"closed","template":"","meta":{"footnotes":""},"class_list":["post-5802","page","type-page","status-publish","hentry"],"aioseo_notices":[],"_links":{"self":[{"href":"https:\/\/www.zaza-lili.com\/en\/wp-json\/wp\/v2\/pages\/5802","targetHints":{"allow":["GET"]}}],"collection":[{"href":"https:\/\/www.zaza-lili.com\/en\/wp-json\/wp\/v2\/pages"}],"about":[{"href":"https:\/\/www.zaza-lili.com\/en\/wp-json\/wp\/v2\/types\/page"}],"author":[{"embeddable":true,"href":"https:\/\/www.zaza-lili.com\/en\/wp-json\/wp\/v2\/users\/1"}],"replies":[{"embeddable":true,"href":"https:\/\/www.zaza-lili.com\/en\/wp-json\/wp\/v2\/comments?post=5802"}],"version-history":[{"count":0,"href":"https:\/\/www.zaza-lili.com\/en\/wp-json\/wp\/v2\/pages\/5802\/revisions"}],"wp:attachment":[{"href":"https:\/\/www.zaza-lili.com\/en\/wp-json\/wp\/v2\/media?parent=5802"}],"curies":[{"name":"wp","href":"https:\/\/api.w.org\/{rel}","templated":true}]}}